{"id":69,"date":"2015-11-19T10:40:52","date_gmt":"2015-11-19T10:40:52","guid":{"rendered":"http:\/\/flatsome.dev\/cart\/"},"modified":"2025-03-30T21:08:45","modified_gmt":"2025-03-30T19:08:45","slug":"cart","status":"publish","type":"page","link":"https:\/\/hemsidantestas.greenpoppy.se\/en\/cart\/","title":{"rendered":"Cart 2"},"content":{"rendered":"<section class=\"section\" id=\"section_890614507\">\n\t\t<div class=\"section-bg fill\" >\n\t\t\t\t\t\t\t\t\t\n\t\t\t\n\n\t\t<\/div>\n\n\t\t\n\n\t\t<div class=\"section-content relative\">\n\t\t\t\n\n\t<div class=\"img has-hover x md-x lg-x y md-y lg-y\" id=\"image_1325024059\">\n\t\t\t\t\t\t\t\t<div class=\"img-inner dark\" style=\"margin:0px 0px 0px 300px;\">\n\t\t\t\t\t\t\t\t\t\n\t\t\t\t\t<\/div>\n\t\t\t\t\t\t\t\t\n<style>\n#image_1325024059 {\n  width: 74%;\n}\n<\/style>\n\t<\/div>\n\t\n\n\n\t\t<\/div>\n\n\t\t\n<style>\n#section_890614507 {\n  padding-top: 30px;\n  padding-bottom: 30px;\n}\n<\/style>\n\t<\/section>","protected":false},"excerpt":{"rendered":"","protected":false},"author":1,"featured_media":0,"parent":0,"menu_order":0,"comment_status":"closed","ping_status":"closed","template":"","meta":{"footnotes":""},"class_list":["post-69","page","type-page","status-publish","hentry"],"yoast_head":"<!-- This site is optimized with the Yoast SEO plugin v24.7 - https:\/\/yoast.com\/wordpress\/plugins\/seo\/ -->\n<title>Cart 2 - Hemsidantestas<\/title>\n<meta name=\"robots\" content=\"noindex, follow, max-snippet:-1, max-image-preview:large, max-video-preview:-1\" \/>\n<meta property=\"og:locale\" content=\"en_GB\" \/>\n<meta property=\"og:type\" content=\"article\" \/>\n<meta property=\"og:title\" content=\"Cart 2 - Hemsidantestas\" \/>\n<meta property=\"og:url\" content=\"https:\/\/hemsidantestas.greenpoppy.se\/en\/cart\/\" \/>\n<meta property=\"og:site_name\" content=\"Hemsidantestas\" \/>\n<meta property=\"article:publisher\" content=\"https:\/\/www.facebook.com\/profile.php?id=61554367862205\" \/>\n<meta property=\"article:modified_time\" content=\"2025-03-30T19:08:45+00:00\" \/>\n<meta name=\"twitter:card\" content=\"summary_large_image\" \/>\n<script type=\"application\/ld+json\" class=\"yoast-schema-graph\">{\"@context\":\"https:\/\/schema.org\",\"@graph\":[{\"@type\":\"WebPage\",\"@id\":\"https:\/\/hemsidantestas.greenpoppy.se\/cart\/\",\"url\":\"https:\/\/hemsidantestas.greenpoppy.se\/cart\/\",\"name\":\"Cart 2 - Hemsidantestas\",\"isPartOf\":{\"@id\":\"https:\/\/hemsidantestas.greenpoppy.se\/en\/#website\"},\"datePublished\":\"2015-11-19T10:40:52+00:00\",\"dateModified\":\"2025-03-30T19:08:45+00:00\",\"breadcrumb\":{\"@id\":\"https:\/\/hemsidantestas.greenpoppy.se\/cart\/#breadcrumb\"},\"inLanguage\":\"en-GB\",\"potentialAction\":[{\"@type\":\"ReadAction\",\"target\":[\"https:\/\/hemsidantestas.greenpoppy.se\/cart\/\"]}]},{\"@type\":\"BreadcrumbList\",\"@id\":\"https:\/\/hemsidantestas.greenpoppy.se\/cart\/#breadcrumb\",\"itemListElement\":[{\"@type\":\"ListItem\",\"position\":1,\"name\":\"Hem\",\"item\":\"https:\/\/hemsidantestas.greenpoppy.se\/\"},{\"@type\":\"ListItem\",\"position\":2,\"name\":\"Cart 2\"}]},{\"@type\":\"WebSite\",\"@id\":\"https:\/\/hemsidantestas.greenpoppy.se\/en\/#website\",\"url\":\"https:\/\/hemsidantestas.greenpoppy.se\/en\/\",\"name\":\"Green Poppy\",\"description\":\"H\u00e5llbara och \u00e5teranv\u00e4ndbara tygbl\u00f6jor\",\"publisher\":{\"@id\":\"https:\/\/hemsidantestas.greenpoppy.se\/en\/#organization\"},\"potentialAction\":[{\"@type\":\"SearchAction\",\"target\":{\"@type\":\"EntryPoint\",\"urlTemplate\":\"https:\/\/hemsidantestas.greenpoppy.se\/en\/?s={search_term_string}\"},\"query-input\":{\"@type\":\"PropertyValueSpecification\",\"valueRequired\":true,\"valueName\":\"search_term_string\"}}],\"inLanguage\":\"en-GB\"},{\"@type\":\"Organization\",\"@id\":\"https:\/\/hemsidantestas.greenpoppy.se\/en\/#organization\",\"name\":\"Green Poppy\",\"url\":\"https:\/\/hemsidantestas.greenpoppy.se\/en\/\",\"logo\":{\"@type\":\"ImageObject\",\"inLanguage\":\"en-GB\",\"@id\":\"https:\/\/hemsidantestas.greenpoppy.se\/en\/#\/schema\/logo\/image\/\",\"url\":\"https:\/\/hemsidantestas.greenpoppy.se\/wp-content\/uploads\/2024\/01\/Logga_Officiell.svg\",\"contentUrl\":\"https:\/\/hemsidantestas.greenpoppy.se\/wp-content\/uploads\/2024\/01\/Logga_Officiell.svg\",\"width\":1,\"height\":1,\"caption\":\"Green Poppy\"},\"image\":{\"@id\":\"https:\/\/hemsidantestas.greenpoppy.se\/en\/#\/schema\/logo\/image\/\"},\"sameAs\":[\"https:\/\/www.facebook.com\/profile.php?id=61554367862205\",\"https:\/\/www.instagram.com\/greenpoppy.se\/\"]}]}<\/script>\n<!-- \/ Yoast SEO plugin. -->","yoast_head_json":{"title":"Cart 2 - Hemsidantestas","robots":{"index":"noindex","follow":"follow","max-snippet":"max-snippet:-1","max-image-preview":"max-image-preview:large","max-video-preview":"max-video-preview:-1"},"og_locale":"en_GB","og_type":"article","og_title":"Cart 2 - Hemsidantestas","og_url":"https:\/\/hemsidantestas.greenpoppy.se\/en\/cart\/","og_site_name":"Hemsidantestas","article_publisher":"https:\/\/www.facebook.com\/profile.php?id=61554367862205","article_modified_time":"2025-03-30T19:08:45+00:00","twitter_card":"summary_large_image","schema":{"@context":"https:\/\/schema.org","@graph":[{"@type":"WebPage","@id":"https:\/\/hemsidantestas.greenpoppy.se\/cart\/","url":"https:\/\/hemsidantestas.greenpoppy.se\/cart\/","name":"Cart 2 - Hemsidantestas","isPartOf":{"@id":"https:\/\/hemsidantestas.greenpoppy.se\/en\/#website"},"datePublished":"2015-11-19T10:40:52+00:00","dateModified":"2025-03-30T19:08:45+00:00","breadcrumb":{"@id":"https:\/\/hemsidantestas.greenpoppy.se\/cart\/#breadcrumb"},"inLanguage":"en-GB","potentialAction":[{"@type":"ReadAction","target":["https:\/\/hemsidantestas.greenpoppy.se\/cart\/"]}]},{"@type":"BreadcrumbList","@id":"https:\/\/hemsidantestas.greenpoppy.se\/cart\/#breadcrumb","itemListElement":[{"@type":"ListItem","position":1,"name":"Hem","item":"https:\/\/hemsidantestas.greenpoppy.se\/"},{"@type":"ListItem","position":2,"name":"Cart 2"}]},{"@type":"WebSite","@id":"https:\/\/hemsidantestas.greenpoppy.se\/en\/#website","url":"https:\/\/hemsidantestas.greenpoppy.se\/en\/","name":"Green Poppy","description":"H\u00e5llbara och \u00e5teranv\u00e4ndbara tygbl\u00f6jor","publisher":{"@id":"https:\/\/hemsidantestas.greenpoppy.se\/en\/#organization"},"potentialAction":[{"@type":"SearchAction","target":{"@type":"EntryPoint","urlTemplate":"https:\/\/hemsidantestas.greenpoppy.se\/en\/?s={search_term_string}"},"query-input":{"@type":"PropertyValueSpecification","valueRequired":true,"valueName":"search_term_string"}}],"inLanguage":"en-GB"},{"@type":"Organization","@id":"https:\/\/hemsidantestas.greenpoppy.se\/en\/#organization","name":"Green Poppy","url":"https:\/\/hemsidantestas.greenpoppy.se\/en\/","logo":{"@type":"ImageObject","inLanguage":"en-GB","@id":"https:\/\/hemsidantestas.greenpoppy.se\/en\/#\/schema\/logo\/image\/","url":"https:\/\/hemsidantestas.greenpoppy.se\/wp-content\/uploads\/2024\/01\/Logga_Officiell.svg","contentUrl":"https:\/\/hemsidantestas.greenpoppy.se\/wp-content\/uploads\/2024\/01\/Logga_Officiell.svg","width":1,"height":1,"caption":"Green Poppy"},"image":{"@id":"https:\/\/hemsidantestas.greenpoppy.se\/en\/#\/schema\/logo\/image\/"},"sameAs":["https:\/\/www.facebook.com\/profile.php?id=61554367862205","https:\/\/www.instagram.com\/greenpoppy.se\/"]}]}},"_links":{"self":[{"href":"https:\/\/hemsidantestas.greenpoppy.se\/en\/wp-json\/wp\/v2\/pages\/69","targetHints":{"allow":["GET"]}}],"collection":[{"href":"https:\/\/hemsidantestas.greenpoppy.se\/en\/wp-json\/wp\/v2\/pages"}],"about":[{"href":"https:\/\/hemsidantestas.greenpoppy.se\/en\/wp-json\/wp\/v2\/types\/page"}],"author":[{"embeddable":true,"href":"https:\/\/hemsidantestas.greenpoppy.se\/en\/wp-json\/wp\/v2\/users\/1"}],"replies":[{"embeddable":true,"href":"https:\/\/hemsidantestas.greenpoppy.se\/en\/wp-json\/wp\/v2\/comments?post=69"}],"version-history":[{"count":1,"href":"https:\/\/hemsidantestas.greenpoppy.se\/en\/wp-json\/wp\/v2\/pages\/69\/revisions"}],"predecessor-version":[{"id":4348,"href":"https:\/\/hemsidantestas.greenpoppy.se\/en\/wp-json\/wp\/v2\/pages\/69\/revisions\/4348"}],"wp:attachment":[{"href":"https:\/\/hemsidantestas.greenpoppy.se\/en\/wp-json\/wp\/v2\/media?parent=69"}],"curies":[{"name":"wp","href":"https:\/\/api.w.org\/{rel}","templated":true}]}}