{"id":1504,"date":"2024-04-10T21:28:32","date_gmt":"2024-04-10T19:28:32","guid":{"rendered":"https:\/\/hemsidantestas.greenpoppy.se\/?post_type=product&#038;p=1504"},"modified":"2025-03-21T21:54:50","modified_gmt":"2025-03-21T20:54:50","slug":"torrskikt-awj","status":"publish","type":"product","link":"https:\/\/hemsidantestas.greenpoppy.se\/en\/product\/torrskikt-awj\/","title":{"rendered":"Stay dry liner AWJ"},"content":{"rendered":"<p><strong>Our liners come in two different variants<\/strong>either AWJ (Athletic Wicking Jersey) or microfleece. Both are single-layered and very thin. Liners help to transport liquid and moisture down to the next layer (inserts) and keep the baby dry. Liners do not have absorbent capabilities and are not sufficient to use as the sole insert in a diaper.<\/p>\n<h3>Stay dry liner AWJ<\/h3>\n<p>The AWJ liner (Athletic Wicking Jersey), or coolmax as it is called, is similar to performance fabric, such as a workout shirt. It is thin, cool, and quickly wicks away moisture. Liners are perfect for use if the baby is sensitive to moisture and wetness.<\/p>\n<p>The liners are used once and placed in the laundry basket during diaper changes. If the baby has pooped in the diaper, the liner can be lifted out of the diaper loosely to remove the poo more easily.<\/p>\n<p>Green Poppy's liners are a perfect complement to our <a href=\"https:\/\/hemsidantestas.greenpoppy.se\/en\/product-category\/pul-skal\/\">PUL diaper covers<\/a> with inserts. The liner can also be inserted into a <a href=\"https:\/\/hemsidantestas.greenpoppy.se\/en\/product-category\/vikblojor\/\">flat diaper<\/a>. It is particularly useful for nighttime use when the baby wears a diaper for longer hours!<\/p>\n<p>The liners are made of 100% polyester.<\/p>\n<p>S\u00e4ljes styckvis.<\/p>","protected":false},"excerpt":{"rendered":"<p>Ett torrskikt i AWJ (athletic wicking jersey) som h\u00e5ller barnet torr och sval vid kiss. M\u00e4ter 29 x 11 cm. L\u00e4ggs \u00f6verst i bl\u00f6jan mot barnets hud.<\/p>","protected":false},"featured_media":3426,"comment_status":"open","ping_status":"closed","template":"","meta":[],"product_brand":[],"product_cat":[103],"product_tag":[],"class_list":{"0":"post-1504","1":"product","2":"type-product","3":"status-publish","4":"has-post-thumbnail","6":"product_cat-inlagg-och-tvattlappar","8":"first","9":"instock","10":"taxable","11":"shipping-taxable","12":"purchasable","13":"product-type-simple"},"yoast_head":"<!-- This site is optimized with the Yoast SEO plugin v24.7 - https:\/\/yoast.com\/wordpress\/plugins\/seo\/ -->\n<title>Torrskikt AWJ - Hemsidantestas<\/title>\n<meta name=\"description\" content=\"V\u00e5ra tunna och effektiva torrskikt i AWJ h\u00e5ller barnet torrt genom att transportera v\u00e4tska. Idealiska som till\u00e4gg i bl\u00f6jor f\u00f6r dag- och nattanv\u00e4ndning!\" \/>\n<meta name=\"robots\" content=\"noindex, follow, max-snippet:-1, max-image-preview:large, max-video-preview:-1\" \/>\n<meta property=\"og:locale\" content=\"en_GB\" \/>\n<meta property=\"og:type\" content=\"article\" \/>\n<meta property=\"og:title\" content=\"Torrskikt AWJ - Hemsidantestas\" \/>\n<meta property=\"og:description\" content=\"V\u00e5ra tunna och effektiva torrskikt i AWJ h\u00e5ller barnet torrt genom att transportera v\u00e4tska. Idealiska som till\u00e4gg i bl\u00f6jor f\u00f6r dag- och nattanv\u00e4ndning!\" \/>\n<meta property=\"og:url\" content=\"https:\/\/hemsidantestas.greenpoppy.se\/en\/product\/torrskikt-awj\/\" \/>\n<meta property=\"og:site_name\" content=\"Hemsidantestas\" \/>\n<meta property=\"article:publisher\" content=\"https:\/\/www.facebook.com\/profile.php?id=61554367862205\" \/>\n<meta property=\"article:modified_time\" content=\"2025-03-21T20:54:50+00:00\" \/>\n<meta property=\"og:image\" content=\"https:\/\/hemsidantestas.greenpoppy.se\/wp-content\/uploads\/2024\/07\/12.png\" \/>\n\t<meta property=\"og:image:width\" content=\"1000\" \/>\n\t<meta property=\"og:image:height\" content=\"1000\" \/>\n\t<meta property=\"og:image:type\" content=\"image\/png\" \/>\n<meta name=\"twitter:card\" content=\"summary_large_image\" \/>\n<meta name=\"twitter:label1\" content=\"Estimated reading time\" \/>\n\t<meta name=\"twitter:data1\" content=\"2 minutes\" \/>\n<script type=\"application\/ld+json\" class=\"yoast-schema-graph\">{\"@context\":\"https:\/\/schema.org\",\"@graph\":[{\"@type\":\"WebPage\",\"@id\":\"https:\/\/hemsidantestas.greenpoppy.se\/produkt\/torrskikt-awj\/\",\"url\":\"https:\/\/hemsidantestas.greenpoppy.se\/produkt\/torrskikt-awj\/\",\"name\":\"Torrskikt AWJ - Hemsidantestas\",\"isPartOf\":{\"@id\":\"https:\/\/hemsidantestas.greenpoppy.se\/en\/#website\"},\"primaryImageOfPage\":{\"@id\":\"https:\/\/hemsidantestas.greenpoppy.se\/produkt\/torrskikt-awj\/#primaryimage\"},\"image\":{\"@id\":\"https:\/\/hemsidantestas.greenpoppy.se\/produkt\/torrskikt-awj\/#primaryimage\"},\"thumbnailUrl\":\"https:\/\/hemsidantestas.greenpoppy.se\/wp-content\/uploads\/2024\/07\/12.png\",\"datePublished\":\"2024-04-10T19:28:32+00:00\",\"dateModified\":\"2025-03-21T20:54:50+00:00\",\"description\":\"V\u00e5ra tunna och effektiva torrskikt i AWJ h\u00e5ller barnet torrt genom att transportera v\u00e4tska. Idealiska som till\u00e4gg i bl\u00f6jor f\u00f6r dag- och nattanv\u00e4ndning!\",\"breadcrumb\":{\"@id\":\"https:\/\/hemsidantestas.greenpoppy.se\/produkt\/torrskikt-awj\/#breadcrumb\"},\"inLanguage\":\"en-GB\",\"potentialAction\":[{\"@type\":\"ReadAction\",\"target\":[\"https:\/\/hemsidantestas.greenpoppy.se\/produkt\/torrskikt-awj\/\"]}]},{\"@type\":\"ImageObject\",\"inLanguage\":\"en-GB\",\"@id\":\"https:\/\/hemsidantestas.greenpoppy.se\/produkt\/torrskikt-awj\/#primaryimage\",\"url\":\"https:\/\/hemsidantestas.greenpoppy.se\/wp-content\/uploads\/2024\/07\/12.png\",\"contentUrl\":\"https:\/\/hemsidantestas.greenpoppy.se\/wp-content\/uploads\/2024\/07\/12.png\",\"width\":1000,\"height\":1000,\"caption\":\"l\u00f6st torrskikt i coolmax till tygbl\u00f6jor\"},{\"@type\":\"BreadcrumbList\",\"@id\":\"https:\/\/hemsidantestas.greenpoppy.se\/produkt\/torrskikt-awj\/#breadcrumb\",\"itemListElement\":[{\"@type\":\"ListItem\",\"position\":1,\"name\":\"Hem\",\"item\":\"https:\/\/hemsidantestas.greenpoppy.se\/\"},{\"@type\":\"ListItem\",\"position\":2,\"name\":\"Butik 2\",\"item\":\"https:\/\/hemsidantestas.greenpoppy.se\/butik\/\"},{\"@type\":\"ListItem\",\"position\":3,\"name\":\"Torrskikt AWJ\"}]},{\"@type\":\"WebSite\",\"@id\":\"https:\/\/hemsidantestas.greenpoppy.se\/en\/#website\",\"url\":\"https:\/\/hemsidantestas.greenpoppy.se\/en\/\",\"name\":\"Green Poppy\",\"description\":\"H\u00e5llbara och \u00e5teranv\u00e4ndbara tygbl\u00f6jor\",\"publisher\":{\"@id\":\"https:\/\/hemsidantestas.greenpoppy.se\/en\/#organization\"},\"potentialAction\":[{\"@type\":\"SearchAction\",\"target\":{\"@type\":\"EntryPoint\",\"urlTemplate\":\"https:\/\/hemsidantestas.greenpoppy.se\/en\/?s={search_term_string}\"},\"query-input\":{\"@type\":\"PropertyValueSpecification\",\"valueRequired\":true,\"valueName\":\"search_term_string\"}}],\"inLanguage\":\"en-GB\"},{\"@type\":\"Organization\",\"@id\":\"https:\/\/hemsidantestas.greenpoppy.se\/en\/#organization\",\"name\":\"Green Poppy\",\"url\":\"https:\/\/hemsidantestas.greenpoppy.se\/en\/\",\"logo\":{\"@type\":\"ImageObject\",\"inLanguage\":\"en-GB\",\"@id\":\"https:\/\/hemsidantestas.greenpoppy.se\/en\/#\/schema\/logo\/image\/\",\"url\":\"https:\/\/hemsidantestas.greenpoppy.se\/wp-content\/uploads\/2024\/01\/Logga_Officiell.svg\",\"contentUrl\":\"https:\/\/hemsidantestas.greenpoppy.se\/wp-content\/uploads\/2024\/01\/Logga_Officiell.svg\",\"width\":1,\"height\":1,\"caption\":\"Green Poppy\"},\"image\":{\"@id\":\"https:\/\/hemsidantestas.greenpoppy.se\/en\/#\/schema\/logo\/image\/\"},\"sameAs\":[\"https:\/\/www.facebook.com\/profile.php?id=61554367862205\",\"https:\/\/www.instagram.com\/greenpoppy.se\/\"]}]}<\/script>\n<!-- \/ Yoast SEO plugin. -->","yoast_head_json":{"title":"Torrskikt AWJ - Hemsidantestas","description":"V\u00e5ra tunna och effektiva torrskikt i AWJ h\u00e5ller barnet torrt genom att transportera v\u00e4tska. Idealiska som till\u00e4gg i bl\u00f6jor f\u00f6r dag- och nattanv\u00e4ndning!","robots":{"index":"noindex","follow":"follow","max-snippet":"max-snippet:-1","max-image-preview":"max-image-preview:large","max-video-preview":"max-video-preview:-1"},"og_locale":"en_GB","og_type":"article","og_title":"Torrskikt AWJ - Hemsidantestas","og_description":"V\u00e5ra tunna och effektiva torrskikt i AWJ h\u00e5ller barnet torrt genom att transportera v\u00e4tska. Idealiska som till\u00e4gg i bl\u00f6jor f\u00f6r dag- och nattanv\u00e4ndning!","og_url":"https:\/\/hemsidantestas.greenpoppy.se\/en\/product\/torrskikt-awj\/","og_site_name":"Hemsidantestas","article_publisher":"https:\/\/www.facebook.com\/profile.php?id=61554367862205","article_modified_time":"2025-03-21T20:54:50+00:00","og_image":[{"width":1000,"height":1000,"url":"https:\/\/hemsidantestas.greenpoppy.se\/wp-content\/uploads\/2024\/07\/12.png","type":"image\/png"}],"twitter_card":"summary_large_image","twitter_misc":{"Estimated reading time":"2 minutes"},"schema":{"@context":"https:\/\/schema.org","@graph":[{"@type":"WebPage","@id":"https:\/\/hemsidantestas.greenpoppy.se\/produkt\/torrskikt-awj\/","url":"https:\/\/hemsidantestas.greenpoppy.se\/produkt\/torrskikt-awj\/","name":"Torrskikt AWJ - Hemsidantestas","isPartOf":{"@id":"https:\/\/hemsidantestas.greenpoppy.se\/en\/#website"},"primaryImageOfPage":{"@id":"https:\/\/hemsidantestas.greenpoppy.se\/produkt\/torrskikt-awj\/#primaryimage"},"image":{"@id":"https:\/\/hemsidantestas.greenpoppy.se\/produkt\/torrskikt-awj\/#primaryimage"},"thumbnailUrl":"https:\/\/hemsidantestas.greenpoppy.se\/wp-content\/uploads\/2024\/07\/12.png","datePublished":"2024-04-10T19:28:32+00:00","dateModified":"2025-03-21T20:54:50+00:00","description":"V\u00e5ra tunna och effektiva torrskikt i AWJ h\u00e5ller barnet torrt genom att transportera v\u00e4tska. Idealiska som till\u00e4gg i bl\u00f6jor f\u00f6r dag- och nattanv\u00e4ndning!","breadcrumb":{"@id":"https:\/\/hemsidantestas.greenpoppy.se\/produkt\/torrskikt-awj\/#breadcrumb"},"inLanguage":"en-GB","potentialAction":[{"@type":"ReadAction","target":["https:\/\/hemsidantestas.greenpoppy.se\/produkt\/torrskikt-awj\/"]}]},{"@type":"ImageObject","inLanguage":"en-GB","@id":"https:\/\/hemsidantestas.greenpoppy.se\/produkt\/torrskikt-awj\/#primaryimage","url":"https:\/\/hemsidantestas.greenpoppy.se\/wp-content\/uploads\/2024\/07\/12.png","contentUrl":"https:\/\/hemsidantestas.greenpoppy.se\/wp-content\/uploads\/2024\/07\/12.png","width":1000,"height":1000,"caption":"l\u00f6st torrskikt i coolmax till tygbl\u00f6jor"},{"@type":"BreadcrumbList","@id":"https:\/\/hemsidantestas.greenpoppy.se\/produkt\/torrskikt-awj\/#breadcrumb","itemListElement":[{"@type":"ListItem","position":1,"name":"Hem","item":"https:\/\/hemsidantestas.greenpoppy.se\/"},{"@type":"ListItem","position":2,"name":"Butik 2","item":"https:\/\/hemsidantestas.greenpoppy.se\/butik\/"},{"@type":"ListItem","position":3,"name":"Torrskikt AWJ"}]},{"@type":"WebSite","@id":"https:\/\/hemsidantestas.greenpoppy.se\/en\/#website","url":"https:\/\/hemsidantestas.greenpoppy.se\/en\/","name":"Green Poppy","description":"H\u00e5llbara och \u00e5teranv\u00e4ndbara tygbl\u00f6jor","publisher":{"@id":"https:\/\/hemsidantestas.greenpoppy.se\/en\/#organization"},"potentialAction":[{"@type":"SearchAction","target":{"@type":"EntryPoint","urlTemplate":"https:\/\/hemsidantestas.greenpoppy.se\/en\/?s={search_term_string}"},"query-input":{"@type":"PropertyValueSpecification","valueRequired":true,"valueName":"search_term_string"}}],"inLanguage":"en-GB"},{"@type":"Organization","@id":"https:\/\/hemsidantestas.greenpoppy.se\/en\/#organization","name":"Green Poppy","url":"https:\/\/hemsidantestas.greenpoppy.se\/en\/","logo":{"@type":"ImageObject","inLanguage":"en-GB","@id":"https:\/\/hemsidantestas.greenpoppy.se\/en\/#\/schema\/logo\/image\/","url":"https:\/\/hemsidantestas.greenpoppy.se\/wp-content\/uploads\/2024\/01\/Logga_Officiell.svg","contentUrl":"https:\/\/hemsidantestas.greenpoppy.se\/wp-content\/uploads\/2024\/01\/Logga_Officiell.svg","width":1,"height":1,"caption":"Green Poppy"},"image":{"@id":"https:\/\/hemsidantestas.greenpoppy.se\/en\/#\/schema\/logo\/image\/"},"sameAs":["https:\/\/www.facebook.com\/profile.php?id=61554367862205","https:\/\/www.instagram.com\/greenpoppy.se\/"]}]}},"_links":{"self":[{"href":"https:\/\/hemsidantestas.greenpoppy.se\/en\/wp-json\/wp\/v2\/product\/1504","targetHints":{"allow":["GET"]}}],"collection":[{"href":"https:\/\/hemsidantestas.greenpoppy.se\/en\/wp-json\/wp\/v2\/product"}],"about":[{"href":"https:\/\/hemsidantestas.greenpoppy.se\/en\/wp-json\/wp\/v2\/types\/product"}],"replies":[{"embeddable":true,"href":"https:\/\/hemsidantestas.greenpoppy.se\/en\/wp-json\/wp\/v2\/comments?post=1504"}],"wp:featuredmedia":[{"embeddable":true,"href":"https:\/\/hemsidantestas.greenpoppy.se\/en\/wp-json\/wp\/v2\/media\/3426"}],"wp:attachment":[{"href":"https:\/\/hemsidantestas.greenpoppy.se\/en\/wp-json\/wp\/v2\/media?parent=1504"}],"wp:term":[{"taxonomy":"product_brand","embeddable":true,"href":"https:\/\/hemsidantestas.greenpoppy.se\/en\/wp-json\/wp\/v2\/product_brand?post=1504"},{"taxonomy":"product_cat","embeddable":true,"href":"https:\/\/hemsidantestas.greenpoppy.se\/en\/wp-json\/wp\/v2\/product_cat?post=1504"},{"taxonomy":"product_tag","embeddable":true,"href":"https:\/\/hemsidantestas.greenpoppy.se\/en\/wp-json\/wp\/v2\/product_tag?post=1504"}],"curies":[{"name":"wp","href":"https:\/\/api.w.org\/{rel}","templated":true}]}}