{"id":1527,"date":"2024-04-13T21:09:57","date_gmt":"2024-04-13T19:09:57","guid":{"rendered":"https:\/\/hemsidantestas.greenpoppy.se\/?post_type=product&#038;p=1527"},"modified":"2025-03-27T13:24:43","modified_gmt":"2025-03-27T12:24:43","slug":"prova-pa-tygblojor","status":"publish","type":"product","link":"https:\/\/hemsidantestas.greenpoppy.se\/en\/product\/prova-pa-tygblojor\/","title":{"rendered":"Try cloth diapers bundle"},"content":{"rendered":"<h3>Try cloth diapers bundle<\/h3>\n<p>Vill du prova p\u00e5 tygbl\u00f6jor? H\u00e4r finns paketet med ALLT du beh\u00f6ver f\u00f6r att bli fr\u00e4lst av tygbl\u00f6jor! Inneh\u00e5ller massa fina produkter och \u00e4ven en dos k\u00e4rlek till tygbl\u00f6jor, vi lovar, det blir bra! \u2665<\/p>\n<p>N\u00e4r du k\u00f6per det h\u00e4r paketet sparar du 21% mot att k\u00f6pa alla produkter separat. Perfekt f\u00f6r dig som vill prova p\u00e5 och se om tygbl\u00f6jor \u00e4r the real deal (fast det kan vi ju redan ber\u00e4tta f\u00f6r dig att det \u00e4r&#8230;)<\/p>\n<p>The package consists of:<br \/>\n- Pocket diapers, 4 pieces<br \/>\n- Flat diapers, 24 pieces<br \/>\n- Bamboo Terry inserts, 4 pieces<br \/>\n- Large PUL wet bags, 2 pieces<br \/>\n- Small PUL wet bags, 2 pieces<br \/>\n- PUL dipar covers, 2 pieces<br \/>\n- Wash cloths, 10 pieces<\/p>\n<h2>Prova p\u00e5 tygbl\u00f6jor &#8211; inneh\u00e5ll<\/h2>\n<h3>Pocket diapers<\/h3>\n<p><strong>Pocket diapers<\/strong> \u00e4r ett enkelt och komplett system. Bl\u00f6jorna kommer med tv\u00e5 inl\u00e4gg, ett l\u00e4ngre inl\u00e4gg i bambu\/bomull och ett kortare inl\u00e4gg i hampa\/bomull. Green Poppys pocketbl\u00f6jor \u00e4r i One Size, och du justerar storleken med knappar. Utsidan av bl\u00f6jan best\u00e5r av PUL. Bl\u00f6jan har enkla benres\u00e5rer. Insidan best\u00e5r av AWJ som \u00e4r ett slags torrskikt som h\u00e5ller barnet sval och torr vid kiss. I bl\u00f6jan finns en ficka, d\u00e4r man l\u00e4gger in inl\u00e4gg. P\u00e5 s\u00e5 vis kan man enkelt justera m\u00e4ngden absorberande material (inl\u00e4gg) efter behov. Efter anv\u00e4ndning tv\u00e4ttar du hela bl\u00f6jan. <a href=\"https:\/\/hemsidantestas.greenpoppy.se\/en\/product-category\/pocketblojor\/\">Read more about the pocket diapers here<\/a>.<\/p>\n<h3>Flat diapers<\/h3>\n<p><strong>Flat diapers<\/strong> \u00e4r ett m\u00e5ngsidigt tygstycke som har m\u00e5nga olika anv\u00e4ndningsomr\u00e5den. Vikbl\u00f6jorna best\u00e5r av bambu och bomull och \u00e4r i storleken 75 x 75. Vikbl\u00f6jorna viker man antingen med en \u00f6nskv\u00e4rd vikning och f\u00e4ster den sedan runt barnet med en snappi, eller s\u00e5 kan man limpvika vikbl\u00f6jan och l\u00e4gga den l\u00f6st i ett PUL-skal. Vikbl\u00f6jor har en snabb torktid. D\u00e5 de best\u00e5r av bambu och bomull \u00e4r de superabsorberande. Vikbl\u00f6jor g\u00e5r att anv\u00e4nda direkt p\u00e5 f\u00f6dseln (ca 4 kilo) tills det att barnet \u00e4r bl\u00f6jfritt, men \u00e4ven efter det g\u00e5r de att anv\u00e4nda. Vikbl\u00f6jorna kan \u00e4ven tj\u00e4na som kr\u00e4khanddukar, snuttefiltar, torkar osv. <a href=\"https:\/\/hemsidantestas.greenpoppy.se\/en\/product\/vikbloja\/\">Read more about flat diapers here<\/a>.<\/p>\n<h3>Inserts<\/h3>\n<p><strong>Bamboo Terry inserts <\/strong>\u00e4r ett mjukt och absorberande inl\u00e4gg. Detta inl\u00e4gg kan man anv\u00e4nda \u00a0som booster i en pocketbl\u00f6ja eller p\u00e5 egen hand i PUL-skal. Inl\u00e4ggen har en knapp s\u00e5 de kan sitta fast i skalet. Efter anv\u00e4ndning tv\u00e4ttar du inl\u00e4gget och skalet g\u00e5r att anv\u00e4nda om igen, tills det har kommit bajs p\u00e5 det eller tills att skalet k\u00e4nns ofr\u00e4scht. Inl\u00e4gget \u00e4r 35 x 12 cm. <a href=\"https:\/\/hemsidantestas.greenpoppy.se\/en\/product\/bambufrotteinlagg\/\">Read more about the insert here<\/a>.<\/p>\n<h3>PULp\u00e5sar<\/h3>\n<p><strong>The large PUL wet bags<\/strong> \u00e4r perfekta att f\u00f6rvara rena och smutsiga bl\u00f6jor i. P\u00e5sarna best\u00e5r av tv\u00e5 fack som man st\u00e4nger med dragkedjor. P\u00e5sen h\u00e5ller inne lukt men sl\u00e4pper igenom luft, vilket g\u00f6r att de andas. De stora p\u00e5sarna \u00e4r 45 x 35 cm. De rymmer 12-14 pocketbl\u00f6jor med dubbla inl\u00e4gg. <a href=\"https:\/\/hemsidantestas.greenpoppy.se\/en\/product\/pul-pase-stor-hilmas-hjartekarlek\/\">You can read more about them here<\/a>.<\/p>\n<p><strong>The small PUL wet bags<\/strong> rymmer 2 bl\u00f6jor med dubbla inl\u00e4gg och \u00e4r perfekta n\u00e4r man \u00e4r p\u00e5 spr\u00e5ng. De kan \u00e4ven vara anv\u00e4ndbara till annat \u00e4n bl\u00f6jor, till exempel att l\u00e4gga tv\u00e4ttlappar i, eller snappis eller varf\u00f6r inte rena extrakl\u00e4der till barnen s\u00e5 att de inte f\u00f6rsvinner i sk\u00f6tv\u00e4skan? En liten p\u00e5se f\u00f6r strumpor, en annan f\u00f6r extra vantar och s\u00e5 vidare. <a href=\"https:\/\/hemsidantestas.greenpoppy.se\/en\/product\/liten-pul-pase-hilmas-hjartekarlek\/\">Read more about our small PUL wet bags<\/a>.<\/p>\n<h3>PUL diaper covers<\/h3>\n<p><strong>PUL diaper covers<\/strong> \u00e4r i One Size, storleken reglerar man med knappar p\u00e5 utsidan. Det finns fl\u00e4rpar p\u00e5 insidan av bl\u00f6jan f\u00f6r att inl\u00e4gg och vikbl\u00f6jor ska sitta b\u00e4ttre fast. PUL-skalet har \u00e4ven knappar p\u00e5 insidan d\u00e4r du kan f\u00e4sta inl\u00e4gg med knappar (som v\u00e5ra bambufrott\u00e9inl\u00e4gg). PUL-skalet beh\u00f6ver du bara tv\u00e4tta n\u00e4r det har kommit bajs p\u00e5 det eller det k\u00e4nns ofr\u00e4scht. Man kan \u00e4ven sk\u00f6lja av skalet och l\u00e5ta torka. <a href=\"https:\/\/hemsidantestas.greenpoppy.se\/en\/product-category\/pul-skal\/\">L\u00e4s mer om skalet h\u00e4r.<\/a><\/p>\n<h3>Cloth wipes<\/h3>\n<p><strong>The wash cloths <\/strong>are your new best friend! Seriously, they're amazing. Forget wet wipes, we say! Soft, so soft. 20 x 20 cm, made of bamboo terry, and can be used over and over again. For diaper changes, for messy hands, or for runny noses. Absolutely perfect for EVERYTHING! <a href=\"https:\/\/hemsidantestas.greenpoppy.se\/en\/product\/tvattlappar\/\">Read more about wash cloths here<\/a>.<\/p>\n<h2>Passar till paketet prova p\u00e5 tygbl\u00f6jor<\/h2>\n<p>N\u00e4r barnet \u00e4ter fast mat, inte l\u00e4ngre bara ammar eller \u00e4ter ers\u00e4ttning, kan man underl\u00e4tta bl\u00f6jbytet n\u00e4r barnet har bajsat genom att anv\u00e4nda eng\u00e5ngspapper i bambu, som dessa <a href=\"https:\/\/hemsidantestas.greenpoppy.se\/en\/product\/bambupapper\/\">bamboo paper<\/a>.<\/p>\n<p>Green Poppy \u00e4r samarbetspartner med <a href=\"https:\/\/blojupproret.se\">Bl\u00f6jupproret<\/a>.<\/p>","protected":false},"excerpt":{"rendered":"<p>N\u00e4r du k\u00f6per det h\u00e4r paketet sparar du 21% mot att k\u00f6pa alla produkter separat! En riktigt bra deal om vi f\u00e5r s\u00e4ga det sj\u00e4lva!<\/p>\n<p>Our largest trial package! Here you'll find everything you need to become a cloth diaper convert.<\/p>","protected":false},"featured_media":2742,"comment_status":"open","ping_status":"closed","template":"","meta":[],"product_brand":[],"product_cat":[129],"product_tag":[],"class_list":{"0":"post-1527","1":"product","2":"type-product","3":"status-publish","4":"has-post-thumbnail","6":"product_cat-paketerbjudanden","7":"product_shipping_class-over-2-kg","9":"first","10":"outofstock","11":"taxable","12":"shipping-taxable","13":"purchasable","14":"product-type-composite"},"yoast_head":"<!-- This site is optimized with the Yoast SEO plugin v24.7 - https:\/\/yoast.com\/wordpress\/plugins\/seo\/ -->\n<title>Prova p\u00e5 tygbl\u00f6jor - Hemsidantestas<\/title>\n<meta name=\"description\" content=\"Uppt\u00e4ck v\u00e5rt ultimata tygbl\u00f6jpaket, f\u00f6r dig som vill prova p\u00e5 tygbl\u00f6jor. Allt du beh\u00f6ver f\u00f6r bekv\u00e4ma och h\u00e5llbara bl\u00f6jbyten. V\u00e4lj m\u00f6nster sj\u00e4lv.\" \/>\n<meta name=\"robots\" content=\"noindex, follow, max-snippet:-1, max-image-preview:large, max-video-preview:-1\" \/>\n<meta property=\"og:locale\" content=\"en_GB\" \/>\n<meta property=\"og:type\" content=\"article\" \/>\n<meta property=\"og:title\" content=\"Prova p\u00e5 tygbl\u00f6jor - Hemsidantestas\" \/>\n<meta property=\"og:description\" content=\"Uppt\u00e4ck v\u00e5rt ultimata tygbl\u00f6jpaket, f\u00f6r dig som vill prova p\u00e5 tygbl\u00f6jor. Allt du beh\u00f6ver f\u00f6r bekv\u00e4ma och h\u00e5llbara bl\u00f6jbyten. V\u00e4lj m\u00f6nster sj\u00e4lv.\" \/>\n<meta property=\"og:url\" content=\"https:\/\/hemsidantestas.greenpoppy.se\/en\/product\/prova-pa-tygblojor\/\" \/>\n<meta property=\"og:site_name\" content=\"Hemsidantestas\" \/>\n<meta property=\"article:publisher\" content=\"https:\/\/www.facebook.com\/profile.php?id=61554367862205\" \/>\n<meta property=\"article:modified_time\" content=\"2025-03-27T12:24:43+00:00\" \/>\n<meta property=\"og:image\" content=\"https:\/\/hemsidantestas.greenpoppy.se\/wp-content\/uploads\/2024\/04\/prova-pa-tygblojor.png\" \/>\n\t<meta property=\"og:image:width\" content=\"1200\" \/>\n\t<meta property=\"og:image:height\" content=\"1200\" \/>\n\t<meta property=\"og:image:type\" content=\"image\/png\" \/>\n<meta name=\"twitter:card\" content=\"summary_large_image\" \/>\n<meta name=\"twitter:label1\" content=\"Estimated reading time\" \/>\n\t<meta name=\"twitter:data1\" content=\"4 minutes\" \/>\n<script type=\"application\/ld+json\" class=\"yoast-schema-graph\">{\"@context\":\"https:\/\/schema.org\",\"@graph\":[{\"@type\":\"WebPage\",\"@id\":\"https:\/\/hemsidantestas.greenpoppy.se\/produkt\/prova-pa-tygblojor\/\",\"url\":\"https:\/\/hemsidantestas.greenpoppy.se\/produkt\/prova-pa-tygblojor\/\",\"name\":\"Prova p\u00e5 tygbl\u00f6jor - Hemsidantestas\",\"isPartOf\":{\"@id\":\"https:\/\/hemsidantestas.greenpoppy.se\/en\/#website\"},\"primaryImageOfPage\":{\"@id\":\"https:\/\/hemsidantestas.greenpoppy.se\/produkt\/prova-pa-tygblojor\/#primaryimage\"},\"image\":{\"@id\":\"https:\/\/hemsidantestas.greenpoppy.se\/produkt\/prova-pa-tygblojor\/#primaryimage\"},\"thumbnailUrl\":\"https:\/\/hemsidantestas.greenpoppy.se\/wp-content\/uploads\/2024\/04\/prova-pa-tygblojor.png\",\"datePublished\":\"2024-04-13T19:09:57+00:00\",\"dateModified\":\"2025-03-27T12:24:43+00:00\",\"description\":\"Uppt\u00e4ck v\u00e5rt ultimata tygbl\u00f6jpaket, f\u00f6r dig som vill prova p\u00e5 tygbl\u00f6jor. Allt du beh\u00f6ver f\u00f6r bekv\u00e4ma och h\u00e5llbara bl\u00f6jbyten. V\u00e4lj m\u00f6nster sj\u00e4lv.\",\"breadcrumb\":{\"@id\":\"https:\/\/hemsidantestas.greenpoppy.se\/produkt\/prova-pa-tygblojor\/#breadcrumb\"},\"inLanguage\":\"en-GB\",\"potentialAction\":[{\"@type\":\"ReadAction\",\"target\":[\"https:\/\/hemsidantestas.greenpoppy.se\/produkt\/prova-pa-tygblojor\/\"]}]},{\"@type\":\"ImageObject\",\"inLanguage\":\"en-GB\",\"@id\":\"https:\/\/hemsidantestas.greenpoppy.se\/produkt\/prova-pa-tygblojor\/#primaryimage\",\"url\":\"https:\/\/hemsidantestas.greenpoppy.se\/wp-content\/uploads\/2024\/04\/prova-pa-tygblojor.png\",\"contentUrl\":\"https:\/\/hemsidantestas.greenpoppy.se\/wp-content\/uploads\/2024\/04\/prova-pa-tygblojor.png\",\"width\":1200,\"height\":1200,\"caption\":\"ett bra paket f\u00f6r dig som vill prova p\u00e5 tygbl\u00f6jor och \u00e4r nyb\u00f6rjare p\u00e5 att anv\u00e4nda tygbl\u00f6ja\"},{\"@type\":\"BreadcrumbList\",\"@id\":\"https:\/\/hemsidantestas.greenpoppy.se\/produkt\/prova-pa-tygblojor\/#breadcrumb\",\"itemListElement\":[{\"@type\":\"ListItem\",\"position\":1,\"name\":\"Hem\",\"item\":\"https:\/\/hemsidantestas.greenpoppy.se\/\"},{\"@type\":\"ListItem\",\"position\":2,\"name\":\"Butik 2\",\"item\":\"https:\/\/hemsidantestas.greenpoppy.se\/butik\/\"},{\"@type\":\"ListItem\",\"position\":3,\"name\":\"Prova p\u00e5 tygbl\u00f6jor\"}]},{\"@type\":\"WebSite\",\"@id\":\"https:\/\/hemsidantestas.greenpoppy.se\/en\/#website\",\"url\":\"https:\/\/hemsidantestas.greenpoppy.se\/en\/\",\"name\":\"Green Poppy\",\"description\":\"H\u00e5llbara och \u00e5teranv\u00e4ndbara tygbl\u00f6jor\",\"publisher\":{\"@id\":\"https:\/\/hemsidantestas.greenpoppy.se\/en\/#organization\"},\"potentialAction\":[{\"@type\":\"SearchAction\",\"target\":{\"@type\":\"EntryPoint\",\"urlTemplate\":\"https:\/\/hemsidantestas.greenpoppy.se\/en\/?s={search_term_string}\"},\"query-input\":{\"@type\":\"PropertyValueSpecification\",\"valueRequired\":true,\"valueName\":\"search_term_string\"}}],\"inLanguage\":\"en-GB\"},{\"@type\":\"Organization\",\"@id\":\"https:\/\/hemsidantestas.greenpoppy.se\/en\/#organization\",\"name\":\"Green Poppy\",\"url\":\"https:\/\/hemsidantestas.greenpoppy.se\/en\/\",\"logo\":{\"@type\":\"ImageObject\",\"inLanguage\":\"en-GB\",\"@id\":\"https:\/\/hemsidantestas.greenpoppy.se\/en\/#\/schema\/logo\/image\/\",\"url\":\"https:\/\/hemsidantestas.greenpoppy.se\/wp-content\/uploads\/2024\/01\/Logga_Officiell.svg\",\"contentUrl\":\"https:\/\/hemsidantestas.greenpoppy.se\/wp-content\/uploads\/2024\/01\/Logga_Officiell.svg\",\"width\":1,\"height\":1,\"caption\":\"Green Poppy\"},\"image\":{\"@id\":\"https:\/\/hemsidantestas.greenpoppy.se\/en\/#\/schema\/logo\/image\/\"},\"sameAs\":[\"https:\/\/www.facebook.com\/profile.php?id=61554367862205\",\"https:\/\/www.instagram.com\/greenpoppy.se\/\"]}]}<\/script>\n<!-- \/ Yoast SEO plugin. -->","yoast_head_json":{"title":"Prova p\u00e5 tygbl\u00f6jor - Hemsidantestas","description":"Uppt\u00e4ck v\u00e5rt ultimata tygbl\u00f6jpaket, f\u00f6r dig som vill prova p\u00e5 tygbl\u00f6jor. Allt du beh\u00f6ver f\u00f6r bekv\u00e4ma och h\u00e5llbara bl\u00f6jbyten. V\u00e4lj m\u00f6nster sj\u00e4lv.","robots":{"index":"noindex","follow":"follow","max-snippet":"max-snippet:-1","max-image-preview":"max-image-preview:large","max-video-preview":"max-video-preview:-1"},"og_locale":"en_GB","og_type":"article","og_title":"Prova p\u00e5 tygbl\u00f6jor - Hemsidantestas","og_description":"Uppt\u00e4ck v\u00e5rt ultimata tygbl\u00f6jpaket, f\u00f6r dig som vill prova p\u00e5 tygbl\u00f6jor. Allt du beh\u00f6ver f\u00f6r bekv\u00e4ma och h\u00e5llbara bl\u00f6jbyten. V\u00e4lj m\u00f6nster sj\u00e4lv.","og_url":"https:\/\/hemsidantestas.greenpoppy.se\/en\/product\/prova-pa-tygblojor\/","og_site_name":"Hemsidantestas","article_publisher":"https:\/\/www.facebook.com\/profile.php?id=61554367862205","article_modified_time":"2025-03-27T12:24:43+00:00","og_image":[{"width":1200,"height":1200,"url":"https:\/\/hemsidantestas.greenpoppy.se\/wp-content\/uploads\/2024\/04\/prova-pa-tygblojor.png","type":"image\/png"}],"twitter_card":"summary_large_image","twitter_misc":{"Estimated reading time":"4 minutes"},"schema":{"@context":"https:\/\/schema.org","@graph":[{"@type":"WebPage","@id":"https:\/\/hemsidantestas.greenpoppy.se\/produkt\/prova-pa-tygblojor\/","url":"https:\/\/hemsidantestas.greenpoppy.se\/produkt\/prova-pa-tygblojor\/","name":"Prova p\u00e5 tygbl\u00f6jor - Hemsidantestas","isPartOf":{"@id":"https:\/\/hemsidantestas.greenpoppy.se\/en\/#website"},"primaryImageOfPage":{"@id":"https:\/\/hemsidantestas.greenpoppy.se\/produkt\/prova-pa-tygblojor\/#primaryimage"},"image":{"@id":"https:\/\/hemsidantestas.greenpoppy.se\/produkt\/prova-pa-tygblojor\/#primaryimage"},"thumbnailUrl":"https:\/\/hemsidantestas.greenpoppy.se\/wp-content\/uploads\/2024\/04\/prova-pa-tygblojor.png","datePublished":"2024-04-13T19:09:57+00:00","dateModified":"2025-03-27T12:24:43+00:00","description":"Uppt\u00e4ck v\u00e5rt ultimata tygbl\u00f6jpaket, f\u00f6r dig som vill prova p\u00e5 tygbl\u00f6jor. Allt du beh\u00f6ver f\u00f6r bekv\u00e4ma och h\u00e5llbara bl\u00f6jbyten. V\u00e4lj m\u00f6nster sj\u00e4lv.","breadcrumb":{"@id":"https:\/\/hemsidantestas.greenpoppy.se\/produkt\/prova-pa-tygblojor\/#breadcrumb"},"inLanguage":"en-GB","potentialAction":[{"@type":"ReadAction","target":["https:\/\/hemsidantestas.greenpoppy.se\/produkt\/prova-pa-tygblojor\/"]}]},{"@type":"ImageObject","inLanguage":"en-GB","@id":"https:\/\/hemsidantestas.greenpoppy.se\/produkt\/prova-pa-tygblojor\/#primaryimage","url":"https:\/\/hemsidantestas.greenpoppy.se\/wp-content\/uploads\/2024\/04\/prova-pa-tygblojor.png","contentUrl":"https:\/\/hemsidantestas.greenpoppy.se\/wp-content\/uploads\/2024\/04\/prova-pa-tygblojor.png","width":1200,"height":1200,"caption":"ett bra paket f\u00f6r dig som vill prova p\u00e5 tygbl\u00f6jor och \u00e4r nyb\u00f6rjare p\u00e5 att anv\u00e4nda tygbl\u00f6ja"},{"@type":"BreadcrumbList","@id":"https:\/\/hemsidantestas.greenpoppy.se\/produkt\/prova-pa-tygblojor\/#breadcrumb","itemListElement":[{"@type":"ListItem","position":1,"name":"Hem","item":"https:\/\/hemsidantestas.greenpoppy.se\/"},{"@type":"ListItem","position":2,"name":"Butik 2","item":"https:\/\/hemsidantestas.greenpoppy.se\/butik\/"},{"@type":"ListItem","position":3,"name":"Prova p\u00e5 tygbl\u00f6jor"}]},{"@type":"WebSite","@id":"https:\/\/hemsidantestas.greenpoppy.se\/en\/#website","url":"https:\/\/hemsidantestas.greenpoppy.se\/en\/","name":"Green Poppy","description":"H\u00e5llbara och \u00e5teranv\u00e4ndbara tygbl\u00f6jor","publisher":{"@id":"https:\/\/hemsidantestas.greenpoppy.se\/en\/#organization"},"potentialAction":[{"@type":"SearchAction","target":{"@type":"EntryPoint","urlTemplate":"https:\/\/hemsidantestas.greenpoppy.se\/en\/?s={search_term_string}"},"query-input":{"@type":"PropertyValueSpecification","valueRequired":true,"valueName":"search_term_string"}}],"inLanguage":"en-GB"},{"@type":"Organization","@id":"https:\/\/hemsidantestas.greenpoppy.se\/en\/#organization","name":"Green Poppy","url":"https:\/\/hemsidantestas.greenpoppy.se\/en\/","logo":{"@type":"ImageObject","inLanguage":"en-GB","@id":"https:\/\/hemsidantestas.greenpoppy.se\/en\/#\/schema\/logo\/image\/","url":"https:\/\/hemsidantestas.greenpoppy.se\/wp-content\/uploads\/2024\/01\/Logga_Officiell.svg","contentUrl":"https:\/\/hemsidantestas.greenpoppy.se\/wp-content\/uploads\/2024\/01\/Logga_Officiell.svg","width":1,"height":1,"caption":"Green Poppy"},"image":{"@id":"https:\/\/hemsidantestas.greenpoppy.se\/en\/#\/schema\/logo\/image\/"},"sameAs":["https:\/\/www.facebook.com\/profile.php?id=61554367862205","https:\/\/www.instagram.com\/greenpoppy.se\/"]}]}},"_links":{"self":[{"href":"https:\/\/hemsidantestas.greenpoppy.se\/en\/wp-json\/wp\/v2\/product\/1527","targetHints":{"allow":["GET"]}}],"collection":[{"href":"https:\/\/hemsidantestas.greenpoppy.se\/en\/wp-json\/wp\/v2\/product"}],"about":[{"href":"https:\/\/hemsidantestas.greenpoppy.se\/en\/wp-json\/wp\/v2\/types\/product"}],"replies":[{"embeddable":true,"href":"https:\/\/hemsidantestas.greenpoppy.se\/en\/wp-json\/wp\/v2\/comments?post=1527"}],"wp:featuredmedia":[{"embeddable":true,"href":"https:\/\/hemsidantestas.greenpoppy.se\/en\/wp-json\/wp\/v2\/media\/2742"}],"wp:attachment":[{"href":"https:\/\/hemsidantestas.greenpoppy.se\/en\/wp-json\/wp\/v2\/media?parent=1527"}],"wp:term":[{"taxonomy":"product_brand","embeddable":true,"href":"https:\/\/hemsidantestas.greenpoppy.se\/en\/wp-json\/wp\/v2\/product_brand?post=1527"},{"taxonomy":"product_cat","embeddable":true,"href":"https:\/\/hemsidantestas.greenpoppy.se\/en\/wp-json\/wp\/v2\/product_cat?post=1527"},{"taxonomy":"product_tag","embeddable":true,"href":"https:\/\/hemsidantestas.greenpoppy.se\/en\/wp-json\/wp\/v2\/product_tag?post=1527"}],"curies":[{"name":"wp","href":"https:\/\/api.w.org\/{rel}","templated":true}]}}