{"id":2710,"date":"2024-11-08T22:12:43","date_gmt":"2024-11-08T21:12:43","guid":{"rendered":"https:\/\/hemsidantestas.greenpoppy.se\/?post_type=product&#038;p=2710"},"modified":"2025-01-18T05:03:59","modified_gmt":"2025-01-18T04:03:59","slug":"30-pocketblojor","status":"publish","type":"product","link":"https:\/\/hemsidantestas.greenpoppy.se\/en\/product\/30-pocketblojor\/","title":{"rendered":"30 pocketbl\u00f6jor"},"content":{"rendered":"<h3>Alla pocketbl\u00f6jor f\u00f6r hela bl\u00f6jperioden!<\/h3>\n<p>Efter du har lagt din best\u00e4llning, v\u00e4nligen mejla oss p\u00e5 info@greenpoppy.se och ber\u00e4tta vilka m\u00f6nster du vill ha p\u00e5 bl\u00f6jorna. Vill du hellre att vi v\u00e4ljer m\u00f6nster \u00e5t dig, g\u00e5r det ocks\u00e5 bra att mejla och ber\u00e4tta det. Om du inte mejlar inom 24 timmar kommer m\u00f6nster v\u00e4ljas slumpm\u00e4ssigt. Det g\u00e5r \u00e4ven bra att skriva samma information i meddelanderutan i kassan n\u00e4r du l\u00e4gger din best\u00e4llning.<\/p>\n<p>Letar du efter en bra deal p\u00e5 pocketbl\u00f6jor? Look no more!<\/p>\n<p>N\u00e4r du k\u00f6per det h\u00e4r paketet sparar du 21% mot att k\u00f6pa alla produkter separat. Kanske \u00e4r du redo att g\u00e5 all in, du har hittat ditt favoritsystem, eller s\u00e5 \u00e4r du nyb\u00f6rjare och t\u00e4nker &#8221;nu k\u00f6r vi!&#8221;. Kan bara h\u00e5lla med! H\u00e4r finns en toppenbra deal f\u00f6r dig som vill prova p\u00e5 tygbl\u00f6jor och har fastnat f\u00f6r pocketbl\u00f6jor (vem har inte gjort det?). 30 stycken pocketbl\u00f6jor med tv\u00e5 inl\u00e4gg var &#8211; vi kan nog lova att du inte kommer beh\u00f6va k\u00f6pa fler tygbl\u00f6jor f\u00f6r att klara dig fint. Eller okej, du kan beh\u00f6va <a href=\"https:\/\/hemsidantestas.greenpoppy.se\/en\/product-category\/inlagg-och-tvattlappar\/\">lite extra boost med inl\u00e4gg<\/a> nattetid, eller kanske en formsydd bl\u00f6ja.<\/p>\n<p>The package consists of:<br \/>\n\u2013 Pocketbl\u00f6jor, 30 stycken<\/p>\n<p><strong>Pocket diapers<\/strong> \u00e4r ett enkelt och komplett system. Bl\u00f6jorna kommer med tv\u00e5 inl\u00e4gg, ett l\u00e4ngre inl\u00e4gg i bambu\/bomull och ett kortare inl\u00e4gg i hampa\/bomull. Green Poppys pocketbl\u00f6jor \u00e4r i One Size, storleken justeras med knappar. Detta inneb\u00e4r att du kan ha samma bl\u00f6ja fr\u00e5n nyf\u00f6dd tills barnet \u00e4r redo att bli bl\u00f6jfri. Utsidan av bl\u00f6jan best\u00e5r av PUL. Bl\u00f6jan har enkla benres\u00e5rer. Insidan best\u00e5r av AWJ som \u00e4r ett slags torrskikt som h\u00e5ller barnet sval och torr vid kiss. I bl\u00f6jan finns en ficka, d\u00e4r man l\u00e4gger in inl\u00e4gg. P\u00e5 s\u00e5 vis kan man enkelt justera m\u00e4ngden absorberande material (inl\u00e4gg) efter behov. Hela bl\u00f6jan tv\u00e4ttas efter anv\u00e4ndning. <a href=\"https:\/\/hemsidantestas.greenpoppy.se\/en\/product-category\/pocketblojor\/\">Read more about the pocket diapers here<\/a>.<\/p>\n<h2>Important!<\/h2>\n<p>Efter du har lagt din best\u00e4llning, v\u00e4nligen mejla oss p\u00e5 info@greenpoppy.se och ber\u00e4tta vilka m\u00f6nster du vill ha p\u00e5 pocketbl\u00f6jorna. Vill du hellre att vi v\u00e4ljer m\u00f6nster \u00e5t dig, g\u00e5r det ocks\u00e5 bra att mejla och ber\u00e4tta det. Om du inte mejlar inom 24 timmar kommer m\u00f6nster v\u00e4ljas slumpm\u00e4ssigt. Det g\u00e5r \u00e4ven bra att skriva samma information i meddelanderutan i kassan n\u00e4r du l\u00e4gger din best\u00e4llning.<\/p>","protected":false},"excerpt":{"rendered":"<ul>\n<li>En bra deal!<\/li>\n<li>Spara 20% j\u00e4mf\u00f6rt med att k\u00f6pa bl\u00f6jorna separat<\/li>\n<li>30 pocketbl\u00f6jor med tv\u00e5 inl\u00e4gg var &#8211; alla tygbl\u00f6jor du kommer beh\u00f6va!<\/li>\n<\/ul>","protected":false},"featured_media":2952,"comment_status":"open","ping_status":"closed","template":"","meta":[],"product_brand":[],"product_cat":[129],"product_tag":[],"class_list":{"0":"post-2710","1":"product","2":"type-product","3":"status-publish","4":"has-post-thumbnail","6":"product_cat-paketerbjudanden","8":"first","9":"outofstock","10":"taxable","11":"shipping-taxable","12":"purchasable","13":"product-type-simple"},"yoast_head":"<!-- This site is optimized with the Yoast SEO plugin v24.7 - https:\/\/yoast.com\/wordpress\/plugins\/seo\/ -->\n<title>30 pocketbl\u00f6jor - Hemsidantestas<\/title>\n<meta name=\"description\" content=\"En bra deal f\u00f6r dig som vill g\u00e5 all in p\u00e5 pocketbl\u00f6jor n\u00e4r du anv\u00e4nder tygbl\u00f6jor. 30 bl\u00f6jor med inl\u00e4gg, till rabatterat pris. Perfekt!\" \/>\n<meta name=\"robots\" content=\"noindex, follow, max-snippet:-1, max-image-preview:large, max-video-preview:-1\" \/>\n<meta property=\"og:locale\" content=\"en_GB\" \/>\n<meta property=\"og:type\" content=\"article\" \/>\n<meta property=\"og:title\" content=\"30 pocketbl\u00f6jor - Hemsidantestas\" \/>\n<meta property=\"og:description\" content=\"En bra deal f\u00f6r dig som vill g\u00e5 all in p\u00e5 pocketbl\u00f6jor n\u00e4r du anv\u00e4nder tygbl\u00f6jor. 30 bl\u00f6jor med inl\u00e4gg, till rabatterat pris. Perfekt!\" \/>\n<meta property=\"og:url\" content=\"https:\/\/hemsidantestas.greenpoppy.se\/en\/product\/30-pocketblojor\/\" \/>\n<meta property=\"og:site_name\" content=\"Hemsidantestas\" \/>\n<meta property=\"article:publisher\" content=\"https:\/\/www.facebook.com\/profile.php?id=61554367862205\" \/>\n<meta property=\"article:modified_time\" content=\"2025-01-18T04:03:59+00:00\" \/>\n<meta property=\"og:image\" content=\"https:\/\/hemsidantestas.greenpoppy.se\/wp-content\/uploads\/2024\/11\/2-2.png\" \/>\n\t<meta property=\"og:image:width\" content=\"1200\" \/>\n\t<meta property=\"og:image:height\" content=\"1200\" \/>\n\t<meta property=\"og:image:type\" content=\"image\/png\" \/>\n<meta name=\"twitter:card\" content=\"summary_large_image\" \/>\n<meta name=\"twitter:label1\" content=\"Estimated reading time\" \/>\n\t<meta name=\"twitter:data1\" content=\"3 minutes\" \/>\n<script type=\"application\/ld+json\" class=\"yoast-schema-graph\">{\"@context\":\"https:\/\/schema.org\",\"@graph\":[{\"@type\":\"WebPage\",\"@id\":\"https:\/\/hemsidantestas.greenpoppy.se\/produkt\/30-pocketblojor\/\",\"url\":\"https:\/\/hemsidantestas.greenpoppy.se\/produkt\/30-pocketblojor\/\",\"name\":\"30 pocketbl\u00f6jor - Hemsidantestas\",\"isPartOf\":{\"@id\":\"https:\/\/hemsidantestas.greenpoppy.se\/en\/#website\"},\"primaryImageOfPage\":{\"@id\":\"https:\/\/hemsidantestas.greenpoppy.se\/produkt\/30-pocketblojor\/#primaryimage\"},\"image\":{\"@id\":\"https:\/\/hemsidantestas.greenpoppy.se\/produkt\/30-pocketblojor\/#primaryimage\"},\"thumbnailUrl\":\"https:\/\/hemsidantestas.greenpoppy.se\/wp-content\/uploads\/2024\/11\/2-2.png\",\"datePublished\":\"2024-11-08T21:12:43+00:00\",\"dateModified\":\"2025-01-18T04:03:59+00:00\",\"description\":\"En bra deal f\u00f6r dig som vill g\u00e5 all in p\u00e5 pocketbl\u00f6jor n\u00e4r du anv\u00e4nder tygbl\u00f6jor. 30 bl\u00f6jor med inl\u00e4gg, till rabatterat pris. Perfekt!\",\"breadcrumb\":{\"@id\":\"https:\/\/hemsidantestas.greenpoppy.se\/produkt\/30-pocketblojor\/#breadcrumb\"},\"inLanguage\":\"en-GB\",\"potentialAction\":[{\"@type\":\"ReadAction\",\"target\":[\"https:\/\/hemsidantestas.greenpoppy.se\/produkt\/30-pocketblojor\/\"]}]},{\"@type\":\"ImageObject\",\"inLanguage\":\"en-GB\",\"@id\":\"https:\/\/hemsidantestas.greenpoppy.se\/produkt\/30-pocketblojor\/#primaryimage\",\"url\":\"https:\/\/hemsidantestas.greenpoppy.se\/wp-content\/uploads\/2024\/11\/2-2.png\",\"contentUrl\":\"https:\/\/hemsidantestas.greenpoppy.se\/wp-content\/uploads\/2024\/11\/2-2.png\",\"width\":1200,\"height\":1200,\"caption\":\"k\u00f6p tygbl\u00f6jor till ett paketpris prova p\u00e5 tygbl\u00f6jor pocketbl\u00f6jor\"},{\"@type\":\"BreadcrumbList\",\"@id\":\"https:\/\/hemsidantestas.greenpoppy.se\/produkt\/30-pocketblojor\/#breadcrumb\",\"itemListElement\":[{\"@type\":\"ListItem\",\"position\":1,\"name\":\"Hem\",\"item\":\"https:\/\/hemsidantestas.greenpoppy.se\/\"},{\"@type\":\"ListItem\",\"position\":2,\"name\":\"Butik 2\",\"item\":\"https:\/\/hemsidantestas.greenpoppy.se\/butik\/\"},{\"@type\":\"ListItem\",\"position\":3,\"name\":\"30 pocketbl\u00f6jor\"}]},{\"@type\":\"WebSite\",\"@id\":\"https:\/\/hemsidantestas.greenpoppy.se\/en\/#website\",\"url\":\"https:\/\/hemsidantestas.greenpoppy.se\/en\/\",\"name\":\"Green Poppy\",\"description\":\"H\u00e5llbara och \u00e5teranv\u00e4ndbara tygbl\u00f6jor\",\"publisher\":{\"@id\":\"https:\/\/hemsidantestas.greenpoppy.se\/en\/#organization\"},\"potentialAction\":[{\"@type\":\"SearchAction\",\"target\":{\"@type\":\"EntryPoint\",\"urlTemplate\":\"https:\/\/hemsidantestas.greenpoppy.se\/en\/?s={search_term_string}\"},\"query-input\":{\"@type\":\"PropertyValueSpecification\",\"valueRequired\":true,\"valueName\":\"search_term_string\"}}],\"inLanguage\":\"en-GB\"},{\"@type\":\"Organization\",\"@id\":\"https:\/\/hemsidantestas.greenpoppy.se\/en\/#organization\",\"name\":\"Green Poppy\",\"url\":\"https:\/\/hemsidantestas.greenpoppy.se\/en\/\",\"logo\":{\"@type\":\"ImageObject\",\"inLanguage\":\"en-GB\",\"@id\":\"https:\/\/hemsidantestas.greenpoppy.se\/en\/#\/schema\/logo\/image\/\",\"url\":\"https:\/\/hemsidantestas.greenpoppy.se\/wp-content\/uploads\/2024\/01\/Logga_Officiell.svg\",\"contentUrl\":\"https:\/\/hemsidantestas.greenpoppy.se\/wp-content\/uploads\/2024\/01\/Logga_Officiell.svg\",\"width\":1,\"height\":1,\"caption\":\"Green Poppy\"},\"image\":{\"@id\":\"https:\/\/hemsidantestas.greenpoppy.se\/en\/#\/schema\/logo\/image\/\"},\"sameAs\":[\"https:\/\/www.facebook.com\/profile.php?id=61554367862205\",\"https:\/\/www.instagram.com\/greenpoppy.se\/\"]}]}<\/script>\n<!-- \/ Yoast SEO plugin. -->","yoast_head_json":{"title":"30 pocketbl\u00f6jor - Hemsidantestas","description":"En bra deal f\u00f6r dig som vill g\u00e5 all in p\u00e5 pocketbl\u00f6jor n\u00e4r du anv\u00e4nder tygbl\u00f6jor. 30 bl\u00f6jor med inl\u00e4gg, till rabatterat pris. Perfekt!","robots":{"index":"noindex","follow":"follow","max-snippet":"max-snippet:-1","max-image-preview":"max-image-preview:large","max-video-preview":"max-video-preview:-1"},"og_locale":"en_GB","og_type":"article","og_title":"30 pocketbl\u00f6jor - Hemsidantestas","og_description":"En bra deal f\u00f6r dig som vill g\u00e5 all in p\u00e5 pocketbl\u00f6jor n\u00e4r du anv\u00e4nder tygbl\u00f6jor. 30 bl\u00f6jor med inl\u00e4gg, till rabatterat pris. Perfekt!","og_url":"https:\/\/hemsidantestas.greenpoppy.se\/en\/product\/30-pocketblojor\/","og_site_name":"Hemsidantestas","article_publisher":"https:\/\/www.facebook.com\/profile.php?id=61554367862205","article_modified_time":"2025-01-18T04:03:59+00:00","og_image":[{"width":1200,"height":1200,"url":"https:\/\/hemsidantestas.greenpoppy.se\/wp-content\/uploads\/2024\/11\/2-2.png","type":"image\/png"}],"twitter_card":"summary_large_image","twitter_misc":{"Estimated reading time":"3 minutes"},"schema":{"@context":"https:\/\/schema.org","@graph":[{"@type":"WebPage","@id":"https:\/\/hemsidantestas.greenpoppy.se\/produkt\/30-pocketblojor\/","url":"https:\/\/hemsidantestas.greenpoppy.se\/produkt\/30-pocketblojor\/","name":"30 pocketbl\u00f6jor - Hemsidantestas","isPartOf":{"@id":"https:\/\/hemsidantestas.greenpoppy.se\/en\/#website"},"primaryImageOfPage":{"@id":"https:\/\/hemsidantestas.greenpoppy.se\/produkt\/30-pocketblojor\/#primaryimage"},"image":{"@id":"https:\/\/hemsidantestas.greenpoppy.se\/produkt\/30-pocketblojor\/#primaryimage"},"thumbnailUrl":"https:\/\/hemsidantestas.greenpoppy.se\/wp-content\/uploads\/2024\/11\/2-2.png","datePublished":"2024-11-08T21:12:43+00:00","dateModified":"2025-01-18T04:03:59+00:00","description":"En bra deal f\u00f6r dig som vill g\u00e5 all in p\u00e5 pocketbl\u00f6jor n\u00e4r du anv\u00e4nder tygbl\u00f6jor. 30 bl\u00f6jor med inl\u00e4gg, till rabatterat pris. Perfekt!","breadcrumb":{"@id":"https:\/\/hemsidantestas.greenpoppy.se\/produkt\/30-pocketblojor\/#breadcrumb"},"inLanguage":"en-GB","potentialAction":[{"@type":"ReadAction","target":["https:\/\/hemsidantestas.greenpoppy.se\/produkt\/30-pocketblojor\/"]}]},{"@type":"ImageObject","inLanguage":"en-GB","@id":"https:\/\/hemsidantestas.greenpoppy.se\/produkt\/30-pocketblojor\/#primaryimage","url":"https:\/\/hemsidantestas.greenpoppy.se\/wp-content\/uploads\/2024\/11\/2-2.png","contentUrl":"https:\/\/hemsidantestas.greenpoppy.se\/wp-content\/uploads\/2024\/11\/2-2.png","width":1200,"height":1200,"caption":"k\u00f6p tygbl\u00f6jor till ett paketpris prova p\u00e5 tygbl\u00f6jor pocketbl\u00f6jor"},{"@type":"BreadcrumbList","@id":"https:\/\/hemsidantestas.greenpoppy.se\/produkt\/30-pocketblojor\/#breadcrumb","itemListElement":[{"@type":"ListItem","position":1,"name":"Hem","item":"https:\/\/hemsidantestas.greenpoppy.se\/"},{"@type":"ListItem","position":2,"name":"Butik 2","item":"https:\/\/hemsidantestas.greenpoppy.se\/butik\/"},{"@type":"ListItem","position":3,"name":"30 pocketbl\u00f6jor"}]},{"@type":"WebSite","@id":"https:\/\/hemsidantestas.greenpoppy.se\/en\/#website","url":"https:\/\/hemsidantestas.greenpoppy.se\/en\/","name":"Green Poppy","description":"H\u00e5llbara och \u00e5teranv\u00e4ndbara tygbl\u00f6jor","publisher":{"@id":"https:\/\/hemsidantestas.greenpoppy.se\/en\/#organization"},"potentialAction":[{"@type":"SearchAction","target":{"@type":"EntryPoint","urlTemplate":"https:\/\/hemsidantestas.greenpoppy.se\/en\/?s={search_term_string}"},"query-input":{"@type":"PropertyValueSpecification","valueRequired":true,"valueName":"search_term_string"}}],"inLanguage":"en-GB"},{"@type":"Organization","@id":"https:\/\/hemsidantestas.greenpoppy.se\/en\/#organization","name":"Green Poppy","url":"https:\/\/hemsidantestas.greenpoppy.se\/en\/","logo":{"@type":"ImageObject","inLanguage":"en-GB","@id":"https:\/\/hemsidantestas.greenpoppy.se\/en\/#\/schema\/logo\/image\/","url":"https:\/\/hemsidantestas.greenpoppy.se\/wp-content\/uploads\/2024\/01\/Logga_Officiell.svg","contentUrl":"https:\/\/hemsidantestas.greenpoppy.se\/wp-content\/uploads\/2024\/01\/Logga_Officiell.svg","width":1,"height":1,"caption":"Green Poppy"},"image":{"@id":"https:\/\/hemsidantestas.greenpoppy.se\/en\/#\/schema\/logo\/image\/"},"sameAs":["https:\/\/www.facebook.com\/profile.php?id=61554367862205","https:\/\/www.instagram.com\/greenpoppy.se\/"]}]}},"_links":{"self":[{"href":"https:\/\/hemsidantestas.greenpoppy.se\/en\/wp-json\/wp\/v2\/product\/2710","targetHints":{"allow":["GET"]}}],"collection":[{"href":"https:\/\/hemsidantestas.greenpoppy.se\/en\/wp-json\/wp\/v2\/product"}],"about":[{"href":"https:\/\/hemsidantestas.greenpoppy.se\/en\/wp-json\/wp\/v2\/types\/product"}],"replies":[{"embeddable":true,"href":"https:\/\/hemsidantestas.greenpoppy.se\/en\/wp-json\/wp\/v2\/comments?post=2710"}],"wp:featuredmedia":[{"embeddable":true,"href":"https:\/\/hemsidantestas.greenpoppy.se\/en\/wp-json\/wp\/v2\/media\/2952"}],"wp:attachment":[{"href":"https:\/\/hemsidantestas.greenpoppy.se\/en\/wp-json\/wp\/v2\/media?parent=2710"}],"wp:term":[{"taxonomy":"product_brand","embeddable":true,"href":"https:\/\/hemsidantestas.greenpoppy.se\/en\/wp-json\/wp\/v2\/product_brand?post=2710"},{"taxonomy":"product_cat","embeddable":true,"href":"https:\/\/hemsidantestas.greenpoppy.se\/en\/wp-json\/wp\/v2\/product_cat?post=2710"},{"taxonomy":"product_tag","embeddable":true,"href":"https:\/\/hemsidantestas.greenpoppy.se\/en\/wp-json\/wp\/v2\/product_tag?post=2710"}],"curies":[{"name":"wp","href":"https:\/\/api.w.org\/{rel}","templated":true}]}}