{"id":3113,"date":"2025-01-23T11:45:02","date_gmt":"2025-01-23T10:45:02","guid":{"rendered":"https:\/\/hemsidantestas.greenpoppy.se\/?post_type=product&#038;p=3113"},"modified":"2025-03-23T09:46:17","modified_gmt":"2025-03-23T08:46:17","slug":"pul-skal-one-size","status":"publish","type":"product","link":"https:\/\/hemsidantestas.greenpoppy.se\/en\/product\/pul-skal-one-size\/","title":{"rendered":"Pul-skal One Size"},"content":{"rendered":"<h3>Pul-skal One Size<\/h3>\n<p style=\"font-weight: 400;\">Ett mjukt och f\u00f6ljsamt pul-skal! Skalet kommer i storlek One Size och passar barn fr\u00e5n ungef\u00e4r 4 \u2013 16 kilo. Alla barn har olika kroppsform och d\u00e4rf\u00f6r kan bl\u00f6jan passa b\u00e5de tidigare och senare. Med hj\u00e4lp av knapparna p\u00e5 framsidan av bl\u00f6jan \u00e4r det enkelt att justera storlek. De vertikala knapparna hj\u00e4lper till att justera h\u00f6jden p\u00e5 bl\u00f6jan. Det finns tre olika h\u00f6jdinst\u00e4llningar. De horisontella knapparna hj\u00e4lper till att justera storleken runt midjan och runt barnets l\u00e5r. H\u00e4r finns det v\u00e4ldigt m\u00e5nga olika variationer. Det g\u00e5r att kn\u00e4ppa bl\u00f6jan \u201dsnett\u201d, allts\u00e5 till exempel h\u00e5rdare eller l\u00f6sare f\u00f6r midjan \u00e4n f\u00f6r l\u00e5ren. Detta g\u00f6r att det \u00e4r enkelt att f\u00e5 till r\u00e4tt passform.<\/p>\n<p style=\"font-weight: 400;\">Ett pul-skal \u00e4r inte en komplett bl\u00f6ja utan \u00e4r ett vattent\u00e4tt skal best\u00e5ende av pul (polyuretanlaminat). Du kombinerar skalet med n\u00e5got typ av absorberande material, till exempel <a href=\"https:\/\/hemsidantestas.greenpoppy.se\/en\/product\/bambufrotteinlagg\/\">inl\u00e4gg i bambufrott\u00e9<\/a> eller <a href=\"https:\/\/hemsidantestas.greenpoppy.se\/en\/product\/vikblojor\/\">flat diapers<\/a>. \u00a0Anv\u00e4nder du vikbl\u00f6jor kan du f\u00e4sta dessa runt barnet med en <a href=\"\/en\/product\/snappi\/\">snappi<\/a>.<\/p>\n<p style=\"font-weight: 400;\">Pul \u00e4r f\u00e4rg\u00e4kta och kommer inte blekas vid tv\u00e4tt. P\u00e5 skalet finns \u00e4ven tabbarna som man st\u00e4nger bl\u00f6jan med. P\u00e5 Green Poppys pul-skal anv\u00e4nder vi oss av mjuka, stretchiga tabbar.<\/p>\n<h2>SIO &#8211; snap-in-one<\/h2>\n<p>Det \u00e4r enkelt att konvertera ditt pul-skal till ett komplett SIO-system. Genom att l\u00e4gga till tv\u00e5 inl\u00e4gg i bambufrott\u00e9 har du en komplett bl\u00f6ja, redo att anv\u00e4ndas. Inl\u00e4ggen i bambufrott\u00e9 \u00e4r supermjuka mot barnets hud. De kn\u00e4pps fast i skalet med varsin knapp och sitter d\u00e4rf\u00f6r p\u00e5 plats under tiden barnet anv\u00e4nder bl\u00f6jan. N\u00e4r du v\u00e4ljer att k\u00f6pa pul-skalet tillsammans med tv\u00e5 inl\u00e4gg som ett SIO-system s\u00e5 sparar du in kostnaden f\u00f6r ett inl\u00e4gg. Du kan l\u00e4sa mer om <a href=\"https:\/\/hemsidantestas.greenpoppy.se\/en\/product\/bambufrotteinlagg\/\">inl\u00e4ggen h\u00e4r.<\/a> Det finns \u00e4ven en video h\u00e4r nedanf\u00f6r som visar hur du anv\u00e4nder skalet med inl\u00e4ggen.<\/p>\n<h3>Reduces the risk of leakage<\/h3>\n<p style=\"font-weight: 400;\">In the back, there's a reassuring back elastic. The back elastic ensures the diaper sits comfortably on the baby, but it's also one of the best features of a cloth diaper \u2013 the poop barrier! The sturdy elastic helps contain poop and significantly reduces the risk of leaks. There are also elastics around the baby's thighs to further minimize the risk of leaks. It's important for the elastics to fit tightly around the baby's legs. <a href=\"https:\/\/hemsidantestas.greenpoppy.se\/en\/passform-av-tygblojor\/\">(please see our guide on how to achieve the best fit for cloth diapers)<\/a>. The elastic may leave marks on the baby's skin, but it doesn't hurt. It's common and harmless for clothing to leave marks on the body.<\/p>\n<p style=\"font-weight: 400;\">On the inside of the shell, there are buttons both at the front and back, where you can attach inserts that have buttons <a href=\"https:\/\/hemsidantestas.greenpoppy.se\/en\/product\/bambufrotteinlagg\/\">(example our inserts made of bamboo Terry)<\/a>. Skalet har \u00e4ven flikar av pul fram- och baktill s\u00e5 att inl\u00e4ggen h\u00e5ller sig p\u00e5 plats.<\/p>\n<h3>Wash<\/h3>\n<p style=\"font-weight: 400;\">Anv\u00e4nder man ett pul-skal beh\u00f6ver man inte tv\u00e4tta skalet vid varje bl\u00f6jbyte, utan det r\u00e4cker att tv\u00e4tta det man har haft i skalet. Skalet tv\u00e4ttas f\u00f6rst d\u00e5 det k\u00e4nns ofr\u00e4scht (efter n\u00e5gra anv\u00e4ndningar) eller om det har kommit bajs p\u00e5 det. P\u00e5 grund av att det inte finns n\u00e5got absorberande material i ett pul-skal s\u00e5 \u00e4r torktiden v\u00e4ldigt kort. <a href=\"https:\/\/hemsidantestas.greenpoppy.se\/en\/tvattrutiner\/\">Read more about how to wash cloth diapers<\/a>.<\/p>\n<p>&nbsp;<\/p>","protected":false},"excerpt":{"rendered":"<p>Ett mjukt pul-skal i One Size. Placera inl\u00e4gg med hj\u00e4lp av knappar i skalet eller l\u00e4gg dem l\u00f6sa. Byt sedan inl\u00e4ggen och \u00e5teranv\u00e4nd skalet, en smidig och ekonomisk tygbl\u00f6ja.<\/p>","protected":false},"featured_media":3375,"comment_status":"open","ping_status":"closed","template":"","meta":[],"product_brand":[],"product_cat":[84],"product_tag":[86,87,85],"class_list":{"0":"post-3113","1":"product","2":"type-product","3":"status-publish","4":"has-post-thumbnail","6":"product_cat-pul-skal","7":"product_tag-blojskal","8":"product_tag-inlagg","9":"product_tag-pulskal","11":"first","12":"instock","13":"featured","14":"taxable","15":"shipping-taxable","16":"purchasable","17":"product-type-variable","18":"has-default-attributes"},"yoast_head":"<!-- This site is optimized with the Yoast SEO plugin v24.7 - https:\/\/yoast.com\/wordpress\/plugins\/seo\/ -->\n<title>Pul-skal One Size - Hemsidantestas<\/title>\n<meta name=\"description\" content=\"Ett mjukt och f\u00f6ljsamt pul-skal i one size, 4-16 kilo. Anv\u00e4nds \u00f6ver inl\u00e4gg eller vikbl\u00f6ja, dagtid eller p\u00e5 natten. Finns i olika prints.\" \/>\n<meta name=\"robots\" content=\"noindex, follow, max-snippet:-1, max-image-preview:large, max-video-preview:-1\" \/>\n<meta property=\"og:locale\" content=\"en_GB\" \/>\n<meta property=\"og:type\" content=\"article\" \/>\n<meta property=\"og:title\" content=\"Pul-skal One Size - Hemsidantestas\" \/>\n<meta property=\"og:description\" content=\"Ett mjukt och f\u00f6ljsamt pul-skal i one size, 4-16 kilo. Anv\u00e4nds \u00f6ver inl\u00e4gg eller vikbl\u00f6ja, dagtid eller p\u00e5 natten. Finns i olika prints.\" \/>\n<meta property=\"og:url\" content=\"https:\/\/hemsidantestas.greenpoppy.se\/en\/product\/pul-skal-one-size\/\" \/>\n<meta property=\"og:site_name\" content=\"Hemsidantestas\" \/>\n<meta property=\"article:publisher\" content=\"https:\/\/www.facebook.com\/profile.php?id=61554367862205\" \/>\n<meta property=\"article:modified_time\" content=\"2025-03-23T08:46:17+00:00\" \/>\n<meta property=\"og:image\" content=\"https:\/\/hemsidantestas.greenpoppy.se\/wp-content\/uploads\/2025\/01\/1-25.png\" \/>\n\t<meta property=\"og:image:width\" content=\"1000\" \/>\n\t<meta property=\"og:image:height\" content=\"1000\" \/>\n\t<meta property=\"og:image:type\" content=\"image\/png\" \/>\n<meta name=\"twitter:card\" content=\"summary_large_image\" \/>\n<meta name=\"twitter:label1\" content=\"Estimated reading time\" \/>\n\t<meta name=\"twitter:data1\" content=\"3 minutes\" \/>\n<script type=\"application\/ld+json\" class=\"yoast-schema-graph\">{\"@context\":\"https:\/\/schema.org\",\"@graph\":[{\"@type\":\"WebPage\",\"@id\":\"https:\/\/hemsidantestas.greenpoppy.se\/produkt\/pul-skal-one-size\/\",\"url\":\"https:\/\/hemsidantestas.greenpoppy.se\/produkt\/pul-skal-one-size\/\",\"name\":\"Pul-skal One Size - Hemsidantestas\",\"isPartOf\":{\"@id\":\"https:\/\/hemsidantestas.greenpoppy.se\/en\/#website\"},\"primaryImageOfPage\":{\"@id\":\"https:\/\/hemsidantestas.greenpoppy.se\/produkt\/pul-skal-one-size\/#primaryimage\"},\"image\":{\"@id\":\"https:\/\/hemsidantestas.greenpoppy.se\/produkt\/pul-skal-one-size\/#primaryimage\"},\"thumbnailUrl\":\"https:\/\/hemsidantestas.greenpoppy.se\/wp-content\/uploads\/2025\/01\/1-25.png\",\"datePublished\":\"2025-01-23T10:45:02+00:00\",\"dateModified\":\"2025-03-23T08:46:17+00:00\",\"description\":\"Ett mjukt och f\u00f6ljsamt pul-skal i one size, 4-16 kilo. Anv\u00e4nds \u00f6ver inl\u00e4gg eller vikbl\u00f6ja, dagtid eller p\u00e5 natten. Finns i olika prints.\",\"breadcrumb\":{\"@id\":\"https:\/\/hemsidantestas.greenpoppy.se\/produkt\/pul-skal-one-size\/#breadcrumb\"},\"inLanguage\":\"en-GB\",\"potentialAction\":[{\"@type\":\"ReadAction\",\"target\":[\"https:\/\/hemsidantestas.greenpoppy.se\/produkt\/pul-skal-one-size\/\"]}]},{\"@type\":\"ImageObject\",\"inLanguage\":\"en-GB\",\"@id\":\"https:\/\/hemsidantestas.greenpoppy.se\/produkt\/pul-skal-one-size\/#primaryimage\",\"url\":\"https:\/\/hemsidantestas.greenpoppy.se\/wp-content\/uploads\/2025\/01\/1-25.png\",\"contentUrl\":\"https:\/\/hemsidantestas.greenpoppy.se\/wp-content\/uploads\/2025\/01\/1-25.png\",\"width\":1000,\"height\":1000,\"caption\":\"pulskal one size\"},{\"@type\":\"BreadcrumbList\",\"@id\":\"https:\/\/hemsidantestas.greenpoppy.se\/produkt\/pul-skal-one-size\/#breadcrumb\",\"itemListElement\":[{\"@type\":\"ListItem\",\"position\":1,\"name\":\"Hem\",\"item\":\"https:\/\/hemsidantestas.greenpoppy.se\/\"},{\"@type\":\"ListItem\",\"position\":2,\"name\":\"Butik 2\",\"item\":\"https:\/\/hemsidantestas.greenpoppy.se\/butik\/\"},{\"@type\":\"ListItem\",\"position\":3,\"name\":\"Pul-skal One Size\"}]},{\"@type\":\"WebSite\",\"@id\":\"https:\/\/hemsidantestas.greenpoppy.se\/en\/#website\",\"url\":\"https:\/\/hemsidantestas.greenpoppy.se\/en\/\",\"name\":\"Green Poppy\",\"description\":\"H\u00e5llbara och \u00e5teranv\u00e4ndbara tygbl\u00f6jor\",\"publisher\":{\"@id\":\"https:\/\/hemsidantestas.greenpoppy.se\/en\/#organization\"},\"potentialAction\":[{\"@type\":\"SearchAction\",\"target\":{\"@type\":\"EntryPoint\",\"urlTemplate\":\"https:\/\/hemsidantestas.greenpoppy.se\/en\/?s={search_term_string}\"},\"query-input\":{\"@type\":\"PropertyValueSpecification\",\"valueRequired\":true,\"valueName\":\"search_term_string\"}}],\"inLanguage\":\"en-GB\"},{\"@type\":\"Organization\",\"@id\":\"https:\/\/hemsidantestas.greenpoppy.se\/en\/#organization\",\"name\":\"Green Poppy\",\"url\":\"https:\/\/hemsidantestas.greenpoppy.se\/en\/\",\"logo\":{\"@type\":\"ImageObject\",\"inLanguage\":\"en-GB\",\"@id\":\"https:\/\/hemsidantestas.greenpoppy.se\/en\/#\/schema\/logo\/image\/\",\"url\":\"https:\/\/hemsidantestas.greenpoppy.se\/wp-content\/uploads\/2024\/01\/Logga_Officiell.svg\",\"contentUrl\":\"https:\/\/hemsidantestas.greenpoppy.se\/wp-content\/uploads\/2024\/01\/Logga_Officiell.svg\",\"width\":1,\"height\":1,\"caption\":\"Green Poppy\"},\"image\":{\"@id\":\"https:\/\/hemsidantestas.greenpoppy.se\/en\/#\/schema\/logo\/image\/\"},\"sameAs\":[\"https:\/\/www.facebook.com\/profile.php?id=61554367862205\",\"https:\/\/www.instagram.com\/greenpoppy.se\/\"]}]}<\/script>\n<!-- \/ Yoast SEO plugin. -->","yoast_head_json":{"title":"Pul-skal One Size - Hemsidantestas","description":"Ett mjukt och f\u00f6ljsamt pul-skal i one size, 4-16 kilo. Anv\u00e4nds \u00f6ver inl\u00e4gg eller vikbl\u00f6ja, dagtid eller p\u00e5 natten. Finns i olika prints.","robots":{"index":"noindex","follow":"follow","max-snippet":"max-snippet:-1","max-image-preview":"max-image-preview:large","max-video-preview":"max-video-preview:-1"},"og_locale":"en_GB","og_type":"article","og_title":"Pul-skal One Size - Hemsidantestas","og_description":"Ett mjukt och f\u00f6ljsamt pul-skal i one size, 4-16 kilo. Anv\u00e4nds \u00f6ver inl\u00e4gg eller vikbl\u00f6ja, dagtid eller p\u00e5 natten. Finns i olika prints.","og_url":"https:\/\/hemsidantestas.greenpoppy.se\/en\/product\/pul-skal-one-size\/","og_site_name":"Hemsidantestas","article_publisher":"https:\/\/www.facebook.com\/profile.php?id=61554367862205","article_modified_time":"2025-03-23T08:46:17+00:00","og_image":[{"width":1000,"height":1000,"url":"https:\/\/hemsidantestas.greenpoppy.se\/wp-content\/uploads\/2025\/01\/1-25.png","type":"image\/png"}],"twitter_card":"summary_large_image","twitter_misc":{"Estimated reading time":"3 minutes"},"schema":{"@context":"https:\/\/schema.org","@graph":[{"@type":"WebPage","@id":"https:\/\/hemsidantestas.greenpoppy.se\/produkt\/pul-skal-one-size\/","url":"https:\/\/hemsidantestas.greenpoppy.se\/produkt\/pul-skal-one-size\/","name":"Pul-skal One Size - Hemsidantestas","isPartOf":{"@id":"https:\/\/hemsidantestas.greenpoppy.se\/en\/#website"},"primaryImageOfPage":{"@id":"https:\/\/hemsidantestas.greenpoppy.se\/produkt\/pul-skal-one-size\/#primaryimage"},"image":{"@id":"https:\/\/hemsidantestas.greenpoppy.se\/produkt\/pul-skal-one-size\/#primaryimage"},"thumbnailUrl":"https:\/\/hemsidantestas.greenpoppy.se\/wp-content\/uploads\/2025\/01\/1-25.png","datePublished":"2025-01-23T10:45:02+00:00","dateModified":"2025-03-23T08:46:17+00:00","description":"Ett mjukt och f\u00f6ljsamt pul-skal i one size, 4-16 kilo. Anv\u00e4nds \u00f6ver inl\u00e4gg eller vikbl\u00f6ja, dagtid eller p\u00e5 natten. Finns i olika prints.","breadcrumb":{"@id":"https:\/\/hemsidantestas.greenpoppy.se\/produkt\/pul-skal-one-size\/#breadcrumb"},"inLanguage":"en-GB","potentialAction":[{"@type":"ReadAction","target":["https:\/\/hemsidantestas.greenpoppy.se\/produkt\/pul-skal-one-size\/"]}]},{"@type":"ImageObject","inLanguage":"en-GB","@id":"https:\/\/hemsidantestas.greenpoppy.se\/produkt\/pul-skal-one-size\/#primaryimage","url":"https:\/\/hemsidantestas.greenpoppy.se\/wp-content\/uploads\/2025\/01\/1-25.png","contentUrl":"https:\/\/hemsidantestas.greenpoppy.se\/wp-content\/uploads\/2025\/01\/1-25.png","width":1000,"height":1000,"caption":"pulskal one size"},{"@type":"BreadcrumbList","@id":"https:\/\/hemsidantestas.greenpoppy.se\/produkt\/pul-skal-one-size\/#breadcrumb","itemListElement":[{"@type":"ListItem","position":1,"name":"Hem","item":"https:\/\/hemsidantestas.greenpoppy.se\/"},{"@type":"ListItem","position":2,"name":"Butik 2","item":"https:\/\/hemsidantestas.greenpoppy.se\/butik\/"},{"@type":"ListItem","position":3,"name":"Pul-skal One Size"}]},{"@type":"WebSite","@id":"https:\/\/hemsidantestas.greenpoppy.se\/en\/#website","url":"https:\/\/hemsidantestas.greenpoppy.se\/en\/","name":"Green Poppy","description":"H\u00e5llbara och \u00e5teranv\u00e4ndbara tygbl\u00f6jor","publisher":{"@id":"https:\/\/hemsidantestas.greenpoppy.se\/en\/#organization"},"potentialAction":[{"@type":"SearchAction","target":{"@type":"EntryPoint","urlTemplate":"https:\/\/hemsidantestas.greenpoppy.se\/en\/?s={search_term_string}"},"query-input":{"@type":"PropertyValueSpecification","valueRequired":true,"valueName":"search_term_string"}}],"inLanguage":"en-GB"},{"@type":"Organization","@id":"https:\/\/hemsidantestas.greenpoppy.se\/en\/#organization","name":"Green Poppy","url":"https:\/\/hemsidantestas.greenpoppy.se\/en\/","logo":{"@type":"ImageObject","inLanguage":"en-GB","@id":"https:\/\/hemsidantestas.greenpoppy.se\/en\/#\/schema\/logo\/image\/","url":"https:\/\/hemsidantestas.greenpoppy.se\/wp-content\/uploads\/2024\/01\/Logga_Officiell.svg","contentUrl":"https:\/\/hemsidantestas.greenpoppy.se\/wp-content\/uploads\/2024\/01\/Logga_Officiell.svg","width":1,"height":1,"caption":"Green Poppy"},"image":{"@id":"https:\/\/hemsidantestas.greenpoppy.se\/en\/#\/schema\/logo\/image\/"},"sameAs":["https:\/\/www.facebook.com\/profile.php?id=61554367862205","https:\/\/www.instagram.com\/greenpoppy.se\/"]}]}},"_links":{"self":[{"href":"https:\/\/hemsidantestas.greenpoppy.se\/en\/wp-json\/wp\/v2\/product\/3113","targetHints":{"allow":["GET"]}}],"collection":[{"href":"https:\/\/hemsidantestas.greenpoppy.se\/en\/wp-json\/wp\/v2\/product"}],"about":[{"href":"https:\/\/hemsidantestas.greenpoppy.se\/en\/wp-json\/wp\/v2\/types\/product"}],"replies":[{"embeddable":true,"href":"https:\/\/hemsidantestas.greenpoppy.se\/en\/wp-json\/wp\/v2\/comments?post=3113"}],"wp:featuredmedia":[{"embeddable":true,"href":"https:\/\/hemsidantestas.greenpoppy.se\/en\/wp-json\/wp\/v2\/media\/3375"}],"wp:attachment":[{"href":"https:\/\/hemsidantestas.greenpoppy.se\/en\/wp-json\/wp\/v2\/media?parent=3113"}],"wp:term":[{"taxonomy":"product_brand","embeddable":true,"href":"https:\/\/hemsidantestas.greenpoppy.se\/en\/wp-json\/wp\/v2\/product_brand?post=3113"},{"taxonomy":"product_cat","embeddable":true,"href":"https:\/\/hemsidantestas.greenpoppy.se\/en\/wp-json\/wp\/v2\/product_cat?post=3113"},{"taxonomy":"product_tag","embeddable":true,"href":"https:\/\/hemsidantestas.greenpoppy.se\/en\/wp-json\/wp\/v2\/product_tag?post=3113"}],"curies":[{"name":"wp","href":"https:\/\/api.w.org\/{rel}","templated":true}]}}