{"id":347,"date":"2023-12-15T21:57:45","date_gmt":"2023-12-15T20:57:45","guid":{"rendered":"https:\/\/hemsidantestas.greenpoppy.se\/?post_type=product&#038;p=347"},"modified":"2025-03-23T10:03:08","modified_gmt":"2025-03-23T09:03:08","slug":"vikblojor","status":"publish","type":"product","link":"https:\/\/hemsidantestas.greenpoppy.se\/en\/product\/vikblojor\/","title":{"rendered":"Vikbl\u00f6jor i bambu\/bomull"},"content":{"rendered":"<p>V\u00e5ra vikbl\u00f6jor best\u00e5r av bambu och bomull och \u00e4r s\u00e5 mjuka och sk\u00f6na f\u00f6r barnet. De best\u00e5r av material som \u00e4r m\u00e4rkta med med oeko-tex standard 100. Vikbl\u00f6jor \u00e4r mycket anv\u00e4ndbara och har flera anv\u00e4ndningsomr\u00e5den. De \u00e4r perfekta att anv\u00e4nda som tygbl\u00f6jor, genom att du viker dem p\u00e5 olika s\u00e4tt. En popul\u00e4r vikning som h\u00e5ller inne de flesta bajsexplosioner (puh, ja s\u00e5na finns!) \u00e4r pickmans fold med jelly roll. Man kan \u00e4ven limpvika vikbl\u00f6jor. Vikbl\u00f6jan blir d\u00e5 vikt som en l\u00e5ng rulle och sedan placerar man den i ett <a href=\"https:\/\/hemsidantestas.greenpoppy.se\/en\/product-category\/pul-skal\/\">pul-skal<\/a>. D\u00e5 bl\u00f6jorna best\u00e5r av bambu och bomull \u00e4r de superabsorberande. Vikbl\u00f6jorna g\u00e5r att anv\u00e4nda fr\u00e5n f\u00f6dsel (runt 4 kilo) fram tills barnet \u00e4r bl\u00f6jfri.<\/p>\n<p>F\u00f6r att f\u00e4sta en vikbl\u00f6jan kan du antingen knyta ihop vikbl\u00f6jan, eller bara vika in kanterna. Du kan \u00e4ven anv\u00e4nda en <a href=\"https:\/\/hemsidantestas.greenpoppy.se\/en\/product\/snappi\/\">snappi<\/a>.<\/p>\n<h3>Ekonomiskt system<\/h3>\n<p>Att anv\u00e4nda en vikbl\u00f6ja med PUL-skal \u00e4r det mest ekonomiska systemet av tygbl\u00f6jor. Det \u00e4r \u00e4ven smidigt att ha med vikbl\u00f6jor p\u00e5 resa, d\u00e5 de har en v\u00e4ldigt kort torktid.<\/p>\n<p>Vikbl\u00f6jor kan \u00e4ven anv\u00e4ndas till mycket annat! Perfekta som babyfiltar, som snutte, som solskydd i vagnen, som torkhandduk, kr\u00e4khandduk och s\u00e5 vidare och s\u00e5 vidare och s\u00e5 vidare.<\/p>\n<h3>Wash advice<\/h3>\n<p>Vikbl\u00f6jan \u00e4r 75&#215;75 cm och krymper ungef\u00e4r 10% vid f\u00f6rsta tv\u00e4tten. Vikbl\u00f6jor g\u00e5r bra att tv\u00e4tta p\u00e5 60 grader och m\u00e5r sedan b\u00e4st av att h\u00e4ngtorkas. Man kan \u00e4ven torktumla vikbl\u00f6jor f\u00f6r att l\u00e5ta dem beh\u00e5lla sin mjukhet men de kan d\u00e5 bli v\u00e5giga i kanterna.<\/p>\n<p>Vikbl\u00f6jorna hos Green Poppy s\u00e4ljs styckvis och finns i f\u00e4rgerna \u00e4ngsgr\u00f6n, vinterbl\u00e5, solrosgul, pionrosa, blomsterdis och dov kastanj.<\/p>\n<h3>Vika vikbl\u00f6jor<\/h3>\n<p>P\u00e5 filmen nedan ses hur man kan vika en Pickmans Fold, f\u00e4sta med snappi samt placera ett pul-skal \u00f6ver. Ett perfekt och allsidigt system, b\u00e5de f\u00f6r nyb\u00f6rjare och f\u00f6r dig som \u00e4r mer bekant med tygbl\u00f6jor.<\/p>\n<p><iframe title=\"Vikbl\u00f6ja med snappi\" width=\"1020\" height=\"574\" data-src=\"https:\/\/www.youtube.com\/embed\/uLwYS3rz53Y?feature=oembed\" frameborder=\"0\" allow=\"accelerometer; autoplay; clipboard-write; encrypted-media; gyroscope; picture-in-picture; web-share\" referrerpolicy=\"strict-origin-when-cross-origin\" allowfullscreen src=\"data:image\/gif;base64,R0lGODlhAQABAAAAACH5BAEKAAEALAAAAAABAAEAAAICTAEAOw==\" class=\"lazyload\" data-load-mode=\"1\"><\/iframe><\/p>\n<p>Green Poppy \u00e4r stolt samarbetspartner med <a href=\"https:\/\/blojupproret.se\">Bl\u00f6jupproret<\/a> &#8211; d\u00e4r kan du \u00e4ven l\u00e4sa mer om tygbl\u00f6jor samt f\u00e5 tips p\u00e5 andra sorters vikningar f\u00f6r vikbl\u00f6jor.<\/p>","protected":false},"excerpt":{"rendered":"<p>Supermjuka vikbl\u00f6jor i bambu och bomull. Anv\u00e4nds som bl\u00f6jor eller gosefilt eller f\u00f6r att f\u00e5nga kr\u00e4ks eller d\u00e4r du beh\u00f6ver den. P\u00e5litlig trotj\u00e4nare du kan anv\u00e4nda \u00e5r in och \u00e5r ut. M\u00e4ter 75 x 75 cm.<\/p>","protected":false},"featured_media":1846,"comment_status":"open","ping_status":"closed","template":"","meta":[],"product_brand":[],"product_cat":[70],"product_tag":[76,75,74,73],"class_list":{"0":"post-347","1":"product","2":"type-product","3":"status-publish","4":"has-post-thumbnail","6":"product_cat-vikblojor","7":"product_tag-muslin","8":"product_tag-muslinfilt","9":"product_tag-tygbloja","10":"product_tag-vikbloja","12":"first","13":"instock","14":"featured","15":"taxable","16":"shipping-taxable","17":"purchasable","18":"product-type-variable"},"yoast_head":"<!-- This site is optimized with the Yoast SEO plugin v24.7 - https:\/\/yoast.com\/wordpress\/plugins\/seo\/ -->\n<title>Vikbl\u00f6jor i bambu\/bomull - Hemsidantestas<\/title>\n<meta name=\"description\" content=\"Vikbl\u00f6jor i 4-pack. Best\u00e5r av bomull och bambu, m\u00e4ter 75x75 cm. Kompletteras med ett PUL-skal. Vikisarna \u00e4r mjuka och sk\u00f6na, redo att anv\u00e4ndas!\" \/>\n<meta name=\"robots\" content=\"noindex, follow, max-snippet:-1, max-image-preview:large, max-video-preview:-1\" \/>\n<meta property=\"og:locale\" content=\"en_GB\" \/>\n<meta property=\"og:type\" content=\"article\" \/>\n<meta property=\"og:title\" content=\"Vikbl\u00f6jor i bambu\/bomull - Hemsidantestas\" \/>\n<meta property=\"og:description\" content=\"Vikbl\u00f6jor i 4-pack. Best\u00e5r av bomull och bambu, m\u00e4ter 75x75 cm. Kompletteras med ett PUL-skal. Vikisarna \u00e4r mjuka och sk\u00f6na, redo att anv\u00e4ndas!\" \/>\n<meta property=\"og:url\" content=\"https:\/\/hemsidantestas.greenpoppy.se\/en\/product\/vikblojor\/\" \/>\n<meta property=\"og:site_name\" content=\"Hemsidantestas\" \/>\n<meta property=\"article:publisher\" content=\"https:\/\/www.facebook.com\/profile.php?id=61554367862205\" \/>\n<meta property=\"article:modified_time\" content=\"2025-03-23T09:03:08+00:00\" \/>\n<meta property=\"og:image\" content=\"https:\/\/hemsidantestas.greenpoppy.se\/wp-content\/uploads\/2024\/07\/IMG_0208-2.jpg\" \/>\n\t<meta property=\"og:image:width\" content=\"1365\" \/>\n\t<meta property=\"og:image:height\" content=\"2048\" \/>\n\t<meta property=\"og:image:type\" content=\"image\/jpeg\" \/>\n<meta name=\"twitter:card\" content=\"summary_large_image\" \/>\n<meta name=\"twitter:label1\" content=\"Estimated reading time\" \/>\n\t<meta name=\"twitter:data1\" content=\"2 minutes\" \/>\n<script type=\"application\/ld+json\" class=\"yoast-schema-graph\">{\"@context\":\"https:\/\/schema.org\",\"@graph\":[{\"@type\":\"WebPage\",\"@id\":\"https:\/\/hemsidantestas.greenpoppy.se\/produkt\/vikblojor\/\",\"url\":\"https:\/\/hemsidantestas.greenpoppy.se\/produkt\/vikblojor\/\",\"name\":\"Vikbl\u00f6jor i bambu\/bomull - Hemsidantestas\",\"isPartOf\":{\"@id\":\"https:\/\/hemsidantestas.greenpoppy.se\/en\/#website\"},\"primaryImageOfPage\":{\"@id\":\"https:\/\/hemsidantestas.greenpoppy.se\/produkt\/vikblojor\/#primaryimage\"},\"image\":{\"@id\":\"https:\/\/hemsidantestas.greenpoppy.se\/produkt\/vikblojor\/#primaryimage\"},\"thumbnailUrl\":\"https:\/\/hemsidantestas.greenpoppy.se\/wp-content\/uploads\/2024\/07\/IMG_0208-2.jpg\",\"datePublished\":\"2023-12-15T20:57:45+00:00\",\"dateModified\":\"2025-03-23T09:03:08+00:00\",\"description\":\"Vikbl\u00f6jor i 4-pack. Best\u00e5r av bomull och bambu, m\u00e4ter 75x75 cm. Kompletteras med ett PUL-skal. Vikisarna \u00e4r mjuka och sk\u00f6na, redo att anv\u00e4ndas!\",\"breadcrumb\":{\"@id\":\"https:\/\/hemsidantestas.greenpoppy.se\/produkt\/vikblojor\/#breadcrumb\"},\"inLanguage\":\"en-GB\",\"potentialAction\":[{\"@type\":\"ReadAction\",\"target\":[\"https:\/\/hemsidantestas.greenpoppy.se\/produkt\/vikblojor\/\"]}]},{\"@type\":\"ImageObject\",\"inLanguage\":\"en-GB\",\"@id\":\"https:\/\/hemsidantestas.greenpoppy.se\/produkt\/vikblojor\/#primaryimage\",\"url\":\"https:\/\/hemsidantestas.greenpoppy.se\/wp-content\/uploads\/2024\/07\/IMG_0208-2.jpg\",\"contentUrl\":\"https:\/\/hemsidantestas.greenpoppy.se\/wp-content\/uploads\/2024\/07\/IMG_0208-2.jpg\",\"width\":1365,\"height\":2048,\"caption\":\"mjuka vikbl\u00f6jor i bambu i olika f\u00e4rger\"},{\"@type\":\"BreadcrumbList\",\"@id\":\"https:\/\/hemsidantestas.greenpoppy.se\/produkt\/vikblojor\/#breadcrumb\",\"itemListElement\":[{\"@type\":\"ListItem\",\"position\":1,\"name\":\"Hem\",\"item\":\"https:\/\/hemsidantestas.greenpoppy.se\/\"},{\"@type\":\"ListItem\",\"position\":2,\"name\":\"Butik 2\",\"item\":\"https:\/\/hemsidantestas.greenpoppy.se\/butik\/\"},{\"@type\":\"ListItem\",\"position\":3,\"name\":\"Vikbl\u00f6jor i bambu\/bomull\"}]},{\"@type\":\"WebSite\",\"@id\":\"https:\/\/hemsidantestas.greenpoppy.se\/en\/#website\",\"url\":\"https:\/\/hemsidantestas.greenpoppy.se\/en\/\",\"name\":\"Green Poppy\",\"description\":\"H\u00e5llbara och \u00e5teranv\u00e4ndbara tygbl\u00f6jor\",\"publisher\":{\"@id\":\"https:\/\/hemsidantestas.greenpoppy.se\/en\/#organization\"},\"potentialAction\":[{\"@type\":\"SearchAction\",\"target\":{\"@type\":\"EntryPoint\",\"urlTemplate\":\"https:\/\/hemsidantestas.greenpoppy.se\/en\/?s={search_term_string}\"},\"query-input\":{\"@type\":\"PropertyValueSpecification\",\"valueRequired\":true,\"valueName\":\"search_term_string\"}}],\"inLanguage\":\"en-GB\"},{\"@type\":\"Organization\",\"@id\":\"https:\/\/hemsidantestas.greenpoppy.se\/en\/#organization\",\"name\":\"Green Poppy\",\"url\":\"https:\/\/hemsidantestas.greenpoppy.se\/en\/\",\"logo\":{\"@type\":\"ImageObject\",\"inLanguage\":\"en-GB\",\"@id\":\"https:\/\/hemsidantestas.greenpoppy.se\/en\/#\/schema\/logo\/image\/\",\"url\":\"https:\/\/hemsidantestas.greenpoppy.se\/wp-content\/uploads\/2024\/01\/Logga_Officiell.svg\",\"contentUrl\":\"https:\/\/hemsidantestas.greenpoppy.se\/wp-content\/uploads\/2024\/01\/Logga_Officiell.svg\",\"width\":1,\"height\":1,\"caption\":\"Green Poppy\"},\"image\":{\"@id\":\"https:\/\/hemsidantestas.greenpoppy.se\/en\/#\/schema\/logo\/image\/\"},\"sameAs\":[\"https:\/\/www.facebook.com\/profile.php?id=61554367862205\",\"https:\/\/www.instagram.com\/greenpoppy.se\/\"]}]}<\/script>\n<!-- \/ Yoast SEO plugin. -->","yoast_head_json":{"title":"Vikbl\u00f6jor i bambu\/bomull - Hemsidantestas","description":"Vikbl\u00f6jor i 4-pack. Best\u00e5r av bomull och bambu, m\u00e4ter 75x75 cm. Kompletteras med ett PUL-skal. Vikisarna \u00e4r mjuka och sk\u00f6na, redo att anv\u00e4ndas!","robots":{"index":"noindex","follow":"follow","max-snippet":"max-snippet:-1","max-image-preview":"max-image-preview:large","max-video-preview":"max-video-preview:-1"},"og_locale":"en_GB","og_type":"article","og_title":"Vikbl\u00f6jor i bambu\/bomull - Hemsidantestas","og_description":"Vikbl\u00f6jor i 4-pack. Best\u00e5r av bomull och bambu, m\u00e4ter 75x75 cm. Kompletteras med ett PUL-skal. Vikisarna \u00e4r mjuka och sk\u00f6na, redo att anv\u00e4ndas!","og_url":"https:\/\/hemsidantestas.greenpoppy.se\/en\/product\/vikblojor\/","og_site_name":"Hemsidantestas","article_publisher":"https:\/\/www.facebook.com\/profile.php?id=61554367862205","article_modified_time":"2025-03-23T09:03:08+00:00","og_image":[{"width":1365,"height":2048,"url":"https:\/\/hemsidantestas.greenpoppy.se\/wp-content\/uploads\/2024\/07\/IMG_0208-2.jpg","type":"image\/jpeg"}],"twitter_card":"summary_large_image","twitter_misc":{"Estimated reading time":"2 minutes"},"schema":{"@context":"https:\/\/schema.org","@graph":[{"@type":"WebPage","@id":"https:\/\/hemsidantestas.greenpoppy.se\/produkt\/vikblojor\/","url":"https:\/\/hemsidantestas.greenpoppy.se\/produkt\/vikblojor\/","name":"Vikbl\u00f6jor i bambu\/bomull - Hemsidantestas","isPartOf":{"@id":"https:\/\/hemsidantestas.greenpoppy.se\/en\/#website"},"primaryImageOfPage":{"@id":"https:\/\/hemsidantestas.greenpoppy.se\/produkt\/vikblojor\/#primaryimage"},"image":{"@id":"https:\/\/hemsidantestas.greenpoppy.se\/produkt\/vikblojor\/#primaryimage"},"thumbnailUrl":"https:\/\/hemsidantestas.greenpoppy.se\/wp-content\/uploads\/2024\/07\/IMG_0208-2.jpg","datePublished":"2023-12-15T20:57:45+00:00","dateModified":"2025-03-23T09:03:08+00:00","description":"Vikbl\u00f6jor i 4-pack. Best\u00e5r av bomull och bambu, m\u00e4ter 75x75 cm. Kompletteras med ett PUL-skal. Vikisarna \u00e4r mjuka och sk\u00f6na, redo att anv\u00e4ndas!","breadcrumb":{"@id":"https:\/\/hemsidantestas.greenpoppy.se\/produkt\/vikblojor\/#breadcrumb"},"inLanguage":"en-GB","potentialAction":[{"@type":"ReadAction","target":["https:\/\/hemsidantestas.greenpoppy.se\/produkt\/vikblojor\/"]}]},{"@type":"ImageObject","inLanguage":"en-GB","@id":"https:\/\/hemsidantestas.greenpoppy.se\/produkt\/vikblojor\/#primaryimage","url":"https:\/\/hemsidantestas.greenpoppy.se\/wp-content\/uploads\/2024\/07\/IMG_0208-2.jpg","contentUrl":"https:\/\/hemsidantestas.greenpoppy.se\/wp-content\/uploads\/2024\/07\/IMG_0208-2.jpg","width":1365,"height":2048,"caption":"mjuka vikbl\u00f6jor i bambu i olika f\u00e4rger"},{"@type":"BreadcrumbList","@id":"https:\/\/hemsidantestas.greenpoppy.se\/produkt\/vikblojor\/#breadcrumb","itemListElement":[{"@type":"ListItem","position":1,"name":"Hem","item":"https:\/\/hemsidantestas.greenpoppy.se\/"},{"@type":"ListItem","position":2,"name":"Butik 2","item":"https:\/\/hemsidantestas.greenpoppy.se\/butik\/"},{"@type":"ListItem","position":3,"name":"Vikbl\u00f6jor i bambu\/bomull"}]},{"@type":"WebSite","@id":"https:\/\/hemsidantestas.greenpoppy.se\/en\/#website","url":"https:\/\/hemsidantestas.greenpoppy.se\/en\/","name":"Green Poppy","description":"H\u00e5llbara och \u00e5teranv\u00e4ndbara tygbl\u00f6jor","publisher":{"@id":"https:\/\/hemsidantestas.greenpoppy.se\/en\/#organization"},"potentialAction":[{"@type":"SearchAction","target":{"@type":"EntryPoint","urlTemplate":"https:\/\/hemsidantestas.greenpoppy.se\/en\/?s={search_term_string}"},"query-input":{"@type":"PropertyValueSpecification","valueRequired":true,"valueName":"search_term_string"}}],"inLanguage":"en-GB"},{"@type":"Organization","@id":"https:\/\/hemsidantestas.greenpoppy.se\/en\/#organization","name":"Green Poppy","url":"https:\/\/hemsidantestas.greenpoppy.se\/en\/","logo":{"@type":"ImageObject","inLanguage":"en-GB","@id":"https:\/\/hemsidantestas.greenpoppy.se\/en\/#\/schema\/logo\/image\/","url":"https:\/\/hemsidantestas.greenpoppy.se\/wp-content\/uploads\/2024\/01\/Logga_Officiell.svg","contentUrl":"https:\/\/hemsidantestas.greenpoppy.se\/wp-content\/uploads\/2024\/01\/Logga_Officiell.svg","width":1,"height":1,"caption":"Green Poppy"},"image":{"@id":"https:\/\/hemsidantestas.greenpoppy.se\/en\/#\/schema\/logo\/image\/"},"sameAs":["https:\/\/www.facebook.com\/profile.php?id=61554367862205","https:\/\/www.instagram.com\/greenpoppy.se\/"]}]}},"_links":{"self":[{"href":"https:\/\/hemsidantestas.greenpoppy.se\/en\/wp-json\/wp\/v2\/product\/347","targetHints":{"allow":["GET"]}}],"collection":[{"href":"https:\/\/hemsidantestas.greenpoppy.se\/en\/wp-json\/wp\/v2\/product"}],"about":[{"href":"https:\/\/hemsidantestas.greenpoppy.se\/en\/wp-json\/wp\/v2\/types\/product"}],"replies":[{"embeddable":true,"href":"https:\/\/hemsidantestas.greenpoppy.se\/en\/wp-json\/wp\/v2\/comments?post=347"}],"wp:featuredmedia":[{"embeddable":true,"href":"https:\/\/hemsidantestas.greenpoppy.se\/en\/wp-json\/wp\/v2\/media\/1846"}],"wp:attachment":[{"href":"https:\/\/hemsidantestas.greenpoppy.se\/en\/wp-json\/wp\/v2\/media?parent=347"}],"wp:term":[{"taxonomy":"product_brand","embeddable":true,"href":"https:\/\/hemsidantestas.greenpoppy.se\/en\/wp-json\/wp\/v2\/product_brand?post=347"},{"taxonomy":"product_cat","embeddable":true,"href":"https:\/\/hemsidantestas.greenpoppy.se\/en\/wp-json\/wp\/v2\/product_cat?post=347"},{"taxonomy":"product_tag","embeddable":true,"href":"https:\/\/hemsidantestas.greenpoppy.se\/en\/wp-json\/wp\/v2\/product_tag?post=347"}],"curies":[{"name":"wp","href":"https:\/\/api.w.org\/{rel}","templated":true}]}}