{"id":3778,"date":"2025-02-22T22:01:45","date_gmt":"2025-02-22T21:01:45","guid":{"rendered":"https:\/\/hemsidantestas.greenpoppy.se\/?post_type=product&#038;p=3778"},"modified":"2025-02-22T22:01:45","modified_gmt":"2025-02-22T21:01:45","slug":"prefold","status":"publish","type":"product","link":"https:\/\/hemsidantestas.greenpoppy.se\/en\/product\/prefold\/","title":{"rendered":"Prefold"},"content":{"rendered":"<h2 data-start=\"0\" data-end=\"74\">Prefold \u2013 m\u00e5ngsidigt inl\u00e4gg f\u00f6r enkel vikning och maximal absorption<\/h2>\n<p data-start=\"76\" data-end=\"516\">Letar du efter ett flexibelt och anpassningsbart inl\u00e4gg som ger b\u00e5de snabb uppsugning och bra absorptionskapacitet? D\u00e5 \u00e4r Prefold det du beh\u00f6ver! Det \u00e4r ett praktiskt inl\u00e4gg som best\u00e5r av tre sektioner med markeringar, vilket g\u00f6r det enkelt att vikta upp inl\u00e4gget och skapa ett tjockt, absorberande lager d\u00e4r det beh\u00f6vs som mest. Perfekt f\u00f6r att anpassa absorptionsniv\u00e5n beroende p\u00e5 barnets behov och bl\u00f6jans passform.<\/p>\n<h2 data-start=\"518\" data-end=\"554\">Enkel vikning, maximal effekt<\/h2>\n<p data-start=\"555\" data-end=\"1058\">Prefold m\u00e4ter 30 x 31 cm och \u00e4r tillverkat i bambufrott\u00e9 f\u00f6r att ge b\u00e5de snabb absorption och bra h\u00e5llbarhet. Varje sektion best\u00e5r av fyra lager bambufrott\u00e9, vilket g\u00f6r inl\u00e4gget b\u00e5de mjukt och effektivt. Markeringarna p\u00e5 inl\u00e4gget g\u00f6r det l\u00e4tt att vika det p\u00e5 olika s\u00e4tt, beroende p\u00e5 om du vill ha ett extra tjockt lager eller en l\u00e4ttare vikning. F\u00f6r exempelvis nattbl\u00f6jor kan du v\u00e4lja att vika inl\u00e4gget f\u00f6r att skapa ett mer absorberande inl\u00e4gg, medan en enklare vikning passar f\u00f6r dagtid.<\/p>\n<p data-start=\"1060\" data-end=\"1483\">Prefold kan anv\u00e4ndas i olika typer av bl\u00f6jsystem, inklusive PUL-skal och pocketbl\u00f6jor. Det passar \u00e4ven bra i en formsydd bl\u00f6ja till antingen natt- eller dagsanv\u00e4ndning. Eftersom det \u00e4r s\u00e5 m\u00e5ngsidigt kan du justera vikningen beroende p\u00e5 hur mycket absorption du beh\u00f6ver. F\u00f6r \u00e4nnu mer skydd, kan det kombineras med andra inl\u00e4gg, som ett bambubooster f\u00f6r snabb uppsugning.<\/p>\n<h2 data-start=\"1485\" data-end=\"1519\">Tv\u00e4ttr\u00e5d f\u00f6r l\u00e5ng livsl\u00e4ngd p\u00e5 prefold<\/h2>\n<p data-start=\"1520\" data-end=\"1942\">F\u00f6r att f\u00e5 ut det mesta av din prefold, tv\u00e4tta det 3\u20135 g\u00e5nger innan f\u00f6rsta anv\u00e4ndning f\u00f6r att aktivera absorptionsf\u00f6rm\u00e5gan. Tv\u00e4tta p\u00e5 60 grader och l\u00e5t det helst h\u00e4ngtorka f\u00f6r att bevara b\u00e5de form och funktion. Vid torktumling kan kanterna bli n\u00e5got skrynkliga, men en l\u00e4tt utstr\u00e4ckning efter tv\u00e4tt \u00e5terst\u00e4ller inl\u00e4ggets form. Undvik sk\u00f6ljmedel, d\u00e5 detta kan p\u00e5verka uppsugningsf\u00f6rm\u00e5gan negativt.<\/p>\n<p data-start=\"1944\" data-end=\"2079\">Som andra inl\u00e4gg kan Prefold krympa med cirka 10 % efter n\u00e5gra tv\u00e4ttar, vilket \u00e4r helt normalt och inget att oroa sig f\u00f6r.<\/p>\n<p data-start=\"2081\" data-end=\"2213\">Vill du ha fler tips om hur du anv\u00e4nder och sk\u00f6ter om dina tygbl\u00f6jor? L\u00e4s mer hos <a href=\"https:\/\/www.blojupproret.se\/\" target=\"_new\" rel=\"noopener\" data-start=\"2165\" data-end=\"2208\">Bl\u00f6jupproret<\/a>!<\/p>","protected":false},"excerpt":{"rendered":"<p>En prefold i tre sektioner d\u00e4r varje sektion best\u00e5r av 4 lager bambufrott\u00e9. Storlek 30 x 31 cm. Allsidigt inl\u00e4gg som kan anv\u00e4ndas f\u00f6r sig sj\u00e4lv eller i kombination med till exempel ett hampainl\u00e4gg.<\/p>","protected":false},"featured_media":0,"comment_status":"open","ping_status":"closed","template":"","meta":[],"product_brand":[],"product_cat":[103],"product_tag":[],"class_list":{"0":"post-3778","1":"product","2":"type-product","3":"status-publish","5":"product_cat-inlagg-och-tvattlappar","7":"first","8":"instock","9":"taxable","10":"shipping-taxable","11":"purchasable","12":"product-type-simple"},"yoast_head":"<!-- This site is optimized with the Yoast SEO plugin v24.7 - https:\/\/yoast.com\/wordpress\/plugins\/seo\/ -->\n<title>Prefold - Hemsidantestas<\/title>\n<meta name=\"description\" content=\"En mjuk prefold i bambufrott\u00e9. Tre sektioner som best\u00e5r av 4 lager bambufrott\u00e9 var. Anv\u00e4nd i skal, i pocketbl\u00f6ja eller formsydd till natten.\" \/>\n<meta name=\"robots\" content=\"noindex, follow, max-snippet:-1, max-image-preview:large, max-video-preview:-1\" \/>\n<meta property=\"og:locale\" content=\"en_GB\" \/>\n<meta property=\"og:type\" content=\"article\" \/>\n<meta property=\"og:title\" content=\"Prefold - Hemsidantestas\" \/>\n<meta property=\"og:description\" content=\"En mjuk prefold i bambufrott\u00e9. Tre sektioner som best\u00e5r av 4 lager bambufrott\u00e9 var. Anv\u00e4nd i skal, i pocketbl\u00f6ja eller formsydd till natten.\" \/>\n<meta property=\"og:url\" content=\"https:\/\/hemsidantestas.greenpoppy.se\/en\/product\/prefold\/\" \/>\n<meta property=\"og:site_name\" content=\"Hemsidantestas\" \/>\n<meta property=\"article:publisher\" content=\"https:\/\/www.facebook.com\/profile.php?id=61554367862205\" \/>\n<meta name=\"twitter:card\" content=\"summary_large_image\" \/>\n<meta name=\"twitter:label1\" content=\"Estimated reading time\" \/>\n\t<meta name=\"twitter:data1\" content=\"2 minutes\" \/>\n<script type=\"application\/ld+json\" class=\"yoast-schema-graph\">{\"@context\":\"https:\/\/schema.org\",\"@graph\":[{\"@type\":\"WebPage\",\"@id\":\"https:\/\/hemsidantestas.greenpoppy.se\/produkt\/prefold\/\",\"url\":\"https:\/\/hemsidantestas.greenpoppy.se\/produkt\/prefold\/\",\"name\":\"Prefold - Hemsidantestas\",\"isPartOf\":{\"@id\":\"https:\/\/hemsidantestas.greenpoppy.se\/en\/#website\"},\"datePublished\":\"2025-02-22T21:01:45+00:00\",\"description\":\"En mjuk prefold i bambufrott\u00e9. Tre sektioner som best\u00e5r av 4 lager bambufrott\u00e9 var. Anv\u00e4nd i skal, i pocketbl\u00f6ja eller formsydd till natten.\",\"breadcrumb\":{\"@id\":\"https:\/\/hemsidantestas.greenpoppy.se\/produkt\/prefold\/#breadcrumb\"},\"inLanguage\":\"en-GB\",\"potentialAction\":[{\"@type\":\"ReadAction\",\"target\":[\"https:\/\/hemsidantestas.greenpoppy.se\/produkt\/prefold\/\"]}]},{\"@type\":\"BreadcrumbList\",\"@id\":\"https:\/\/hemsidantestas.greenpoppy.se\/produkt\/prefold\/#breadcrumb\",\"itemListElement\":[{\"@type\":\"ListItem\",\"position\":1,\"name\":\"Hem\",\"item\":\"https:\/\/hemsidantestas.greenpoppy.se\/\"},{\"@type\":\"ListItem\",\"position\":2,\"name\":\"Butik 2\",\"item\":\"https:\/\/hemsidantestas.greenpoppy.se\/butik\/\"},{\"@type\":\"ListItem\",\"position\":3,\"name\":\"Prefold\"}]},{\"@type\":\"WebSite\",\"@id\":\"https:\/\/hemsidantestas.greenpoppy.se\/en\/#website\",\"url\":\"https:\/\/hemsidantestas.greenpoppy.se\/en\/\",\"name\":\"Green Poppy\",\"description\":\"H\u00e5llbara och \u00e5teranv\u00e4ndbara tygbl\u00f6jor\",\"publisher\":{\"@id\":\"https:\/\/hemsidantestas.greenpoppy.se\/en\/#organization\"},\"potentialAction\":[{\"@type\":\"SearchAction\",\"target\":{\"@type\":\"EntryPoint\",\"urlTemplate\":\"https:\/\/hemsidantestas.greenpoppy.se\/en\/?s={search_term_string}\"},\"query-input\":{\"@type\":\"PropertyValueSpecification\",\"valueRequired\":true,\"valueName\":\"search_term_string\"}}],\"inLanguage\":\"en-GB\"},{\"@type\":\"Organization\",\"@id\":\"https:\/\/hemsidantestas.greenpoppy.se\/en\/#organization\",\"name\":\"Green Poppy\",\"url\":\"https:\/\/hemsidantestas.greenpoppy.se\/en\/\",\"logo\":{\"@type\":\"ImageObject\",\"inLanguage\":\"en-GB\",\"@id\":\"https:\/\/hemsidantestas.greenpoppy.se\/en\/#\/schema\/logo\/image\/\",\"url\":\"https:\/\/hemsidantestas.greenpoppy.se\/wp-content\/uploads\/2024\/01\/Logga_Officiell.svg\",\"contentUrl\":\"https:\/\/hemsidantestas.greenpoppy.se\/wp-content\/uploads\/2024\/01\/Logga_Officiell.svg\",\"width\":1,\"height\":1,\"caption\":\"Green Poppy\"},\"image\":{\"@id\":\"https:\/\/hemsidantestas.greenpoppy.se\/en\/#\/schema\/logo\/image\/\"},\"sameAs\":[\"https:\/\/www.facebook.com\/profile.php?id=61554367862205\",\"https:\/\/www.instagram.com\/greenpoppy.se\/\"]}]}<\/script>\n<!-- \/ Yoast SEO plugin. -->","yoast_head_json":{"title":"Prefold - Hemsidantestas","description":"En mjuk prefold i bambufrott\u00e9. Tre sektioner som best\u00e5r av 4 lager bambufrott\u00e9 var. Anv\u00e4nd i skal, i pocketbl\u00f6ja eller formsydd till natten.","robots":{"index":"noindex","follow":"follow","max-snippet":"max-snippet:-1","max-image-preview":"max-image-preview:large","max-video-preview":"max-video-preview:-1"},"og_locale":"en_GB","og_type":"article","og_title":"Prefold - Hemsidantestas","og_description":"En mjuk prefold i bambufrott\u00e9. Tre sektioner som best\u00e5r av 4 lager bambufrott\u00e9 var. Anv\u00e4nd i skal, i pocketbl\u00f6ja eller formsydd till natten.","og_url":"https:\/\/hemsidantestas.greenpoppy.se\/en\/product\/prefold\/","og_site_name":"Hemsidantestas","article_publisher":"https:\/\/www.facebook.com\/profile.php?id=61554367862205","twitter_card":"summary_large_image","twitter_misc":{"Estimated reading time":"2 minutes"},"schema":{"@context":"https:\/\/schema.org","@graph":[{"@type":"WebPage","@id":"https:\/\/hemsidantestas.greenpoppy.se\/produkt\/prefold\/","url":"https:\/\/hemsidantestas.greenpoppy.se\/produkt\/prefold\/","name":"Prefold - Hemsidantestas","isPartOf":{"@id":"https:\/\/hemsidantestas.greenpoppy.se\/en\/#website"},"datePublished":"2025-02-22T21:01:45+00:00","description":"En mjuk prefold i bambufrott\u00e9. Tre sektioner som best\u00e5r av 4 lager bambufrott\u00e9 var. Anv\u00e4nd i skal, i pocketbl\u00f6ja eller formsydd till natten.","breadcrumb":{"@id":"https:\/\/hemsidantestas.greenpoppy.se\/produkt\/prefold\/#breadcrumb"},"inLanguage":"en-GB","potentialAction":[{"@type":"ReadAction","target":["https:\/\/hemsidantestas.greenpoppy.se\/produkt\/prefold\/"]}]},{"@type":"BreadcrumbList","@id":"https:\/\/hemsidantestas.greenpoppy.se\/produkt\/prefold\/#breadcrumb","itemListElement":[{"@type":"ListItem","position":1,"name":"Hem","item":"https:\/\/hemsidantestas.greenpoppy.se\/"},{"@type":"ListItem","position":2,"name":"Butik 2","item":"https:\/\/hemsidantestas.greenpoppy.se\/butik\/"},{"@type":"ListItem","position":3,"name":"Prefold"}]},{"@type":"WebSite","@id":"https:\/\/hemsidantestas.greenpoppy.se\/en\/#website","url":"https:\/\/hemsidantestas.greenpoppy.se\/en\/","name":"Green Poppy","description":"H\u00e5llbara och \u00e5teranv\u00e4ndbara tygbl\u00f6jor","publisher":{"@id":"https:\/\/hemsidantestas.greenpoppy.se\/en\/#organization"},"potentialAction":[{"@type":"SearchAction","target":{"@type":"EntryPoint","urlTemplate":"https:\/\/hemsidantestas.greenpoppy.se\/en\/?s={search_term_string}"},"query-input":{"@type":"PropertyValueSpecification","valueRequired":true,"valueName":"search_term_string"}}],"inLanguage":"en-GB"},{"@type":"Organization","@id":"https:\/\/hemsidantestas.greenpoppy.se\/en\/#organization","name":"Green Poppy","url":"https:\/\/hemsidantestas.greenpoppy.se\/en\/","logo":{"@type":"ImageObject","inLanguage":"en-GB","@id":"https:\/\/hemsidantestas.greenpoppy.se\/en\/#\/schema\/logo\/image\/","url":"https:\/\/hemsidantestas.greenpoppy.se\/wp-content\/uploads\/2024\/01\/Logga_Officiell.svg","contentUrl":"https:\/\/hemsidantestas.greenpoppy.se\/wp-content\/uploads\/2024\/01\/Logga_Officiell.svg","width":1,"height":1,"caption":"Green Poppy"},"image":{"@id":"https:\/\/hemsidantestas.greenpoppy.se\/en\/#\/schema\/logo\/image\/"},"sameAs":["https:\/\/www.facebook.com\/profile.php?id=61554367862205","https:\/\/www.instagram.com\/greenpoppy.se\/"]}]}},"_links":{"self":[{"href":"https:\/\/hemsidantestas.greenpoppy.se\/en\/wp-json\/wp\/v2\/product\/3778","targetHints":{"allow":["GET"]}}],"collection":[{"href":"https:\/\/hemsidantestas.greenpoppy.se\/en\/wp-json\/wp\/v2\/product"}],"about":[{"href":"https:\/\/hemsidantestas.greenpoppy.se\/en\/wp-json\/wp\/v2\/types\/product"}],"replies":[{"embeddable":true,"href":"https:\/\/hemsidantestas.greenpoppy.se\/en\/wp-json\/wp\/v2\/comments?post=3778"}],"wp:attachment":[{"href":"https:\/\/hemsidantestas.greenpoppy.se\/en\/wp-json\/wp\/v2\/media?parent=3778"}],"wp:term":[{"taxonomy":"product_brand","embeddable":true,"href":"https:\/\/hemsidantestas.greenpoppy.se\/en\/wp-json\/wp\/v2\/product_brand?post=3778"},{"taxonomy":"product_cat","embeddable":true,"href":"https:\/\/hemsidantestas.greenpoppy.se\/en\/wp-json\/wp\/v2\/product_cat?post=3778"},{"taxonomy":"product_tag","embeddable":true,"href":"https:\/\/hemsidantestas.greenpoppy.se\/en\/wp-json\/wp\/v2\/product_tag?post=3778"}],"curies":[{"name":"wp","href":"https:\/\/api.w.org\/{rel}","templated":true}]}}