{"id":3779,"date":"2025-02-22T22:16:40","date_gmt":"2025-02-22T21:16:40","guid":{"rendered":"https:\/\/hemsidantestas.greenpoppy.se\/?post_type=product&#038;p=3779"},"modified":"2025-02-22T22:16:40","modified_gmt":"2025-02-22T21:16:40","slug":"prefold-plus","status":"publish","type":"product","link":"https:\/\/hemsidantestas.greenpoppy.se\/en\/product\/prefold-plus\/","title":{"rendered":"Prefold plus"},"content":{"rendered":"<h2 data-start=\"0\" data-end=\"55\">Prefold Plus \u2013 extra absorberande inl\u00e4gg f\u00f6r natten<\/h2>\n<p data-start=\"57\" data-end=\"442\">N\u00e4r du beh\u00f6ver maximal absorption under natten, d\u00e5 \u00e4r Prefold Plus det r\u00e4tta valet! Detta m\u00e5ngsidiga inl\u00e4gg \u00e4r speciellt designat f\u00f6r att ge extra skydd och h\u00e5llbarhet, vilket g\u00f6r det perfekt f\u00f6r nattetid i en formsydd bl\u00f6ja. Med sina markeringar och lagerkombinationer kan du enkelt vikta det f\u00f6r att skapa ett riktigt tjockt inl\u00e4gg f\u00f6r de l\u00e4ngre bl\u00f6jbytena.<\/p>\n<h2 data-start=\"444\" data-end=\"481\">Extra lager f\u00f6r mer absorption<\/h2>\n<p data-start=\"482\" data-end=\"957\">Prefold Plus m\u00e4ter 32 x 34 cm och \u00e4r byggt av bambufrott\u00e9 i en smart kombination av 4+6+4 lager, vilket ger en kraftig uppsugningsf\u00f6rm\u00e5ga. De extra lagren g\u00f6r att det kan hantera st\u00f6rre m\u00e4ngder v\u00e4tska, vilket g\u00f6r det till ett perfekt val f\u00f6r nattetid, n\u00e4r barnet tenderar att sova l\u00e4ngre och kissar mer. Markeringarna g\u00f6r det enkelt att vika upp inl\u00e4gget f\u00f6r att skapa det tjocka och absorberande lager som du beh\u00f6ver f\u00f6r att h\u00e5lla barnet torrt hela natten.<\/p>\n<p data-start=\"959\" data-end=\"1383\">Eftersom Prefold Plus \u00e4r designat f\u00f6r att du ska kunna anv\u00e4nda det i v\u00e5r formsydda bl\u00f6ja, passar det perfekt f\u00f6r att ge ett formpassande, absorberande skydd. Det fungerar \u00e4ven bra tillsammans med ett PUL-skal eller annan typ av yttre lager som h\u00e5ller bl\u00f6jan p\u00e5 plats. F\u00f6r extra s\u00e4kerhet mot l\u00e4ckage, kan du \u00e4ven kombinera det med ett snabbabsorberande inl\u00e4gg som v\u00e5r bambubooster, vilket ger ett bra fl\u00f6de f\u00f6r att snabbt ta hand om v\u00e4tskan.<\/p>\n<h2 data-start=\"1385\" data-end=\"1419\">Tv\u00e4ttr\u00e5d f\u00f6r b\u00e4sta resultat<\/h2>\n<p data-start=\"1420\" data-end=\"1818\">F\u00f6r att Prefold Plus ska ge b\u00e4sta m\u00f6jliga resultat, tv\u00e4tta det 3\u20135 g\u00e5nger innan f\u00f6rsta anv\u00e4ndning. Tv\u00e4tta p\u00e5 60 grader och l\u00e5t det helst h\u00e4ngtorka f\u00f6r att bevara b\u00e5de form och funktion. Vid torktumling kan kanterna bli n\u00e5got skrynkliga, men en l\u00e4tt utstr\u00e4ckning efter tv\u00e4tt g\u00f6r det rakt igen. Undvik sk\u00f6ljmedel, eftersom det kan p\u00e5verka inl\u00e4ggets f\u00f6rm\u00e5ga att absorbera v\u00e4tska.<\/p>\n<p data-start=\"1820\" data-end=\"1951\">Precis som andra naturmaterial kan Prefold Plus krympa med cirka 10 % efter n\u00e5gra tv\u00e4ttar, vilket \u00e4r normalt f\u00f6r bambufrott\u00e9.<\/p>\n<p data-start=\"1953\" data-end=\"2084\">Vill du veta mer om varf\u00f6r tygbl\u00f6jor \u00e4r b\u00e5de praktiska och h\u00e5llbara? L\u00e4s mer hos <a href=\"https:\/\/www.blojupproret.se\/\" target=\"_new\" rel=\"noopener\" data-start=\"2036\" data-end=\"2079\">Bl\u00f6jupproret<\/a>!<\/p>","protected":false},"excerpt":{"rendered":"<p>Prefold Plus \u2013 extra absorberande inl\u00e4gg f\u00f6r natten N\u00e4r du beh\u00f6ver maximal absorption under natten, d\u00e5 \u00e4r Prefold Plus det r\u00e4tta valet! Detta m\u00e5ngsidiga inl\u00e4gg \u00e4r speciellt designat f\u00f6r att ge extra skydd och h\u00e5llbarhet, vilket g\u00f6r det perfekt f\u00f6r nattetid i en formsydd bl\u00f6ja. Med sina markeringar och lagerkombinationer kan du enkelt vikta det [&#8230;]","protected":false},"featured_media":0,"comment_status":"open","ping_status":"closed","template":"","meta":[],"product_brand":[],"product_cat":[103],"product_tag":[],"class_list":{"0":"post-3779","1":"product","2":"type-product","3":"status-publish","5":"product_cat-inlagg-och-tvattlappar","7":"first","8":"instock","9":"taxable","10":"shipping-taxable","11":"purchasable","12":"product-type-simple"},"yoast_head":"<!-- This site is optimized with the Yoast SEO plugin v24.7 - https:\/\/yoast.com\/wordpress\/plugins\/seo\/ -->\n<title>Prefold plus - Hemsidantestas<\/title>\n<meta name=\"description\" content=\"Prefold plus \u00e4r en extra tjock prefold, designad f\u00f6r att h\u00e5lla en helt natt hos ditt barn som anv\u00e4nder tygbl\u00f6jor. L\u00e4gg inl\u00e4gget i en formsydd bl\u00f6ja - klart!\" \/>\n<meta name=\"robots\" content=\"noindex, follow, max-snippet:-1, max-image-preview:large, max-video-preview:-1\" \/>\n<meta property=\"og:locale\" content=\"en_GB\" \/>\n<meta property=\"og:type\" content=\"article\" \/>\n<meta property=\"og:title\" content=\"Prefold plus - Hemsidantestas\" \/>\n<meta property=\"og:description\" content=\"Prefold plus \u00e4r en extra tjock prefold, designad f\u00f6r att h\u00e5lla en helt natt hos ditt barn som anv\u00e4nder tygbl\u00f6jor. L\u00e4gg inl\u00e4gget i en formsydd bl\u00f6ja - klart!\" \/>\n<meta property=\"og:url\" content=\"https:\/\/hemsidantestas.greenpoppy.se\/en\/product\/prefold-plus\/\" \/>\n<meta property=\"og:site_name\" content=\"Hemsidantestas\" \/>\n<meta property=\"article:publisher\" content=\"https:\/\/www.facebook.com\/profile.php?id=61554367862205\" \/>\n<meta name=\"twitter:card\" content=\"summary_large_image\" \/>\n<meta name=\"twitter:label1\" content=\"Estimated reading time\" \/>\n\t<meta name=\"twitter:data1\" content=\"2 minutes\" \/>\n<script type=\"application\/ld+json\" class=\"yoast-schema-graph\">{\"@context\":\"https:\/\/schema.org\",\"@graph\":[{\"@type\":\"WebPage\",\"@id\":\"https:\/\/hemsidantestas.greenpoppy.se\/produkt\/prefold-plus\/\",\"url\":\"https:\/\/hemsidantestas.greenpoppy.se\/produkt\/prefold-plus\/\",\"name\":\"Prefold plus - Hemsidantestas\",\"isPartOf\":{\"@id\":\"https:\/\/hemsidantestas.greenpoppy.se\/en\/#website\"},\"datePublished\":\"2025-02-22T21:16:40+00:00\",\"description\":\"Prefold plus \u00e4r en extra tjock prefold, designad f\u00f6r att h\u00e5lla en helt natt hos ditt barn som anv\u00e4nder tygbl\u00f6jor. L\u00e4gg inl\u00e4gget i en formsydd bl\u00f6ja - klart!\",\"breadcrumb\":{\"@id\":\"https:\/\/hemsidantestas.greenpoppy.se\/produkt\/prefold-plus\/#breadcrumb\"},\"inLanguage\":\"en-GB\",\"potentialAction\":[{\"@type\":\"ReadAction\",\"target\":[\"https:\/\/hemsidantestas.greenpoppy.se\/produkt\/prefold-plus\/\"]}]},{\"@type\":\"BreadcrumbList\",\"@id\":\"https:\/\/hemsidantestas.greenpoppy.se\/produkt\/prefold-plus\/#breadcrumb\",\"itemListElement\":[{\"@type\":\"ListItem\",\"position\":1,\"name\":\"Hem\",\"item\":\"https:\/\/hemsidantestas.greenpoppy.se\/\"},{\"@type\":\"ListItem\",\"position\":2,\"name\":\"Butik 2\",\"item\":\"https:\/\/hemsidantestas.greenpoppy.se\/butik\/\"},{\"@type\":\"ListItem\",\"position\":3,\"name\":\"Prefold plus\"}]},{\"@type\":\"WebSite\",\"@id\":\"https:\/\/hemsidantestas.greenpoppy.se\/en\/#website\",\"url\":\"https:\/\/hemsidantestas.greenpoppy.se\/en\/\",\"name\":\"Green Poppy\",\"description\":\"H\u00e5llbara och \u00e5teranv\u00e4ndbara tygbl\u00f6jor\",\"publisher\":{\"@id\":\"https:\/\/hemsidantestas.greenpoppy.se\/en\/#organization\"},\"potentialAction\":[{\"@type\":\"SearchAction\",\"target\":{\"@type\":\"EntryPoint\",\"urlTemplate\":\"https:\/\/hemsidantestas.greenpoppy.se\/en\/?s={search_term_string}\"},\"query-input\":{\"@type\":\"PropertyValueSpecification\",\"valueRequired\":true,\"valueName\":\"search_term_string\"}}],\"inLanguage\":\"en-GB\"},{\"@type\":\"Organization\",\"@id\":\"https:\/\/hemsidantestas.greenpoppy.se\/en\/#organization\",\"name\":\"Green Poppy\",\"url\":\"https:\/\/hemsidantestas.greenpoppy.se\/en\/\",\"logo\":{\"@type\":\"ImageObject\",\"inLanguage\":\"en-GB\",\"@id\":\"https:\/\/hemsidantestas.greenpoppy.se\/en\/#\/schema\/logo\/image\/\",\"url\":\"https:\/\/hemsidantestas.greenpoppy.se\/wp-content\/uploads\/2024\/01\/Logga_Officiell.svg\",\"contentUrl\":\"https:\/\/hemsidantestas.greenpoppy.se\/wp-content\/uploads\/2024\/01\/Logga_Officiell.svg\",\"width\":1,\"height\":1,\"caption\":\"Green Poppy\"},\"image\":{\"@id\":\"https:\/\/hemsidantestas.greenpoppy.se\/en\/#\/schema\/logo\/image\/\"},\"sameAs\":[\"https:\/\/www.facebook.com\/profile.php?id=61554367862205\",\"https:\/\/www.instagram.com\/greenpoppy.se\/\"]}]}<\/script>\n<!-- \/ Yoast SEO plugin. -->","yoast_head_json":{"title":"Prefold plus - Hemsidantestas","description":"Prefold plus \u00e4r en extra tjock prefold, designad f\u00f6r att h\u00e5lla en helt natt hos ditt barn som anv\u00e4nder tygbl\u00f6jor. L\u00e4gg inl\u00e4gget i en formsydd bl\u00f6ja - klart!","robots":{"index":"noindex","follow":"follow","max-snippet":"max-snippet:-1","max-image-preview":"max-image-preview:large","max-video-preview":"max-video-preview:-1"},"og_locale":"en_GB","og_type":"article","og_title":"Prefold plus - Hemsidantestas","og_description":"Prefold plus \u00e4r en extra tjock prefold, designad f\u00f6r att h\u00e5lla en helt natt hos ditt barn som anv\u00e4nder tygbl\u00f6jor. L\u00e4gg inl\u00e4gget i en formsydd bl\u00f6ja - klart!","og_url":"https:\/\/hemsidantestas.greenpoppy.se\/en\/product\/prefold-plus\/","og_site_name":"Hemsidantestas","article_publisher":"https:\/\/www.facebook.com\/profile.php?id=61554367862205","twitter_card":"summary_large_image","twitter_misc":{"Estimated reading time":"2 minutes"},"schema":{"@context":"https:\/\/schema.org","@graph":[{"@type":"WebPage","@id":"https:\/\/hemsidantestas.greenpoppy.se\/produkt\/prefold-plus\/","url":"https:\/\/hemsidantestas.greenpoppy.se\/produkt\/prefold-plus\/","name":"Prefold plus - Hemsidantestas","isPartOf":{"@id":"https:\/\/hemsidantestas.greenpoppy.se\/en\/#website"},"datePublished":"2025-02-22T21:16:40+00:00","description":"Prefold plus \u00e4r en extra tjock prefold, designad f\u00f6r att h\u00e5lla en helt natt hos ditt barn som anv\u00e4nder tygbl\u00f6jor. L\u00e4gg inl\u00e4gget i en formsydd bl\u00f6ja - klart!","breadcrumb":{"@id":"https:\/\/hemsidantestas.greenpoppy.se\/produkt\/prefold-plus\/#breadcrumb"},"inLanguage":"en-GB","potentialAction":[{"@type":"ReadAction","target":["https:\/\/hemsidantestas.greenpoppy.se\/produkt\/prefold-plus\/"]}]},{"@type":"BreadcrumbList","@id":"https:\/\/hemsidantestas.greenpoppy.se\/produkt\/prefold-plus\/#breadcrumb","itemListElement":[{"@type":"ListItem","position":1,"name":"Hem","item":"https:\/\/hemsidantestas.greenpoppy.se\/"},{"@type":"ListItem","position":2,"name":"Butik 2","item":"https:\/\/hemsidantestas.greenpoppy.se\/butik\/"},{"@type":"ListItem","position":3,"name":"Prefold plus"}]},{"@type":"WebSite","@id":"https:\/\/hemsidantestas.greenpoppy.se\/en\/#website","url":"https:\/\/hemsidantestas.greenpoppy.se\/en\/","name":"Green Poppy","description":"H\u00e5llbara och \u00e5teranv\u00e4ndbara tygbl\u00f6jor","publisher":{"@id":"https:\/\/hemsidantestas.greenpoppy.se\/en\/#organization"},"potentialAction":[{"@type":"SearchAction","target":{"@type":"EntryPoint","urlTemplate":"https:\/\/hemsidantestas.greenpoppy.se\/en\/?s={search_term_string}"},"query-input":{"@type":"PropertyValueSpecification","valueRequired":true,"valueName":"search_term_string"}}],"inLanguage":"en-GB"},{"@type":"Organization","@id":"https:\/\/hemsidantestas.greenpoppy.se\/en\/#organization","name":"Green Poppy","url":"https:\/\/hemsidantestas.greenpoppy.se\/en\/","logo":{"@type":"ImageObject","inLanguage":"en-GB","@id":"https:\/\/hemsidantestas.greenpoppy.se\/en\/#\/schema\/logo\/image\/","url":"https:\/\/hemsidantestas.greenpoppy.se\/wp-content\/uploads\/2024\/01\/Logga_Officiell.svg","contentUrl":"https:\/\/hemsidantestas.greenpoppy.se\/wp-content\/uploads\/2024\/01\/Logga_Officiell.svg","width":1,"height":1,"caption":"Green Poppy"},"image":{"@id":"https:\/\/hemsidantestas.greenpoppy.se\/en\/#\/schema\/logo\/image\/"},"sameAs":["https:\/\/www.facebook.com\/profile.php?id=61554367862205","https:\/\/www.instagram.com\/greenpoppy.se\/"]}]}},"_links":{"self":[{"href":"https:\/\/hemsidantestas.greenpoppy.se\/en\/wp-json\/wp\/v2\/product\/3779","targetHints":{"allow":["GET"]}}],"collection":[{"href":"https:\/\/hemsidantestas.greenpoppy.se\/en\/wp-json\/wp\/v2\/product"}],"about":[{"href":"https:\/\/hemsidantestas.greenpoppy.se\/en\/wp-json\/wp\/v2\/types\/product"}],"replies":[{"embeddable":true,"href":"https:\/\/hemsidantestas.greenpoppy.se\/en\/wp-json\/wp\/v2\/comments?post=3779"}],"wp:attachment":[{"href":"https:\/\/hemsidantestas.greenpoppy.se\/en\/wp-json\/wp\/v2\/media?parent=3779"}],"wp:term":[{"taxonomy":"product_brand","embeddable":true,"href":"https:\/\/hemsidantestas.greenpoppy.se\/en\/wp-json\/wp\/v2\/product_brand?post=3779"},{"taxonomy":"product_cat","embeddable":true,"href":"https:\/\/hemsidantestas.greenpoppy.se\/en\/wp-json\/wp\/v2\/product_cat?post=3779"},{"taxonomy":"product_tag","embeddable":true,"href":"https:\/\/hemsidantestas.greenpoppy.se\/en\/wp-json\/wp\/v2\/product_tag?post=3779"}],"curies":[{"name":"wp","href":"https:\/\/api.w.org\/{rel}","templated":true}]}}