{"id":817,"date":"2024-01-10T20:56:15","date_gmt":"2024-01-10T19:56:15","guid":{"rendered":"https:\/\/hemsidantestas.greenpoppy.se\/?post_type=product&#038;p=817"},"modified":"2025-03-21T21:44:25","modified_gmt":"2025-03-21T20:44:25","slug":"langt-inlagg-bambu-bomull","status":"publish","type":"product","link":"https:\/\/hemsidantestas.greenpoppy.se\/en\/product\/langt-inlagg-bambu-bomull\/","title":{"rendered":"Long bamboo\/cotton insert"},"content":{"rendered":"<p><strong>Mjukt och absorberande inl\u00e4gg bambu\/bomull!<\/strong><\/p>\n<p>Detta inl\u00e4gg passar b\u00e5de nyf\u00f6dda bebisar och \u00e4ldre barn. Anv\u00e4nd det nattetid i kombination med ett mer absorberande inl\u00e4gg, som v\u00e5rt <a href=\"https:\/\/hemsidantestas.greenpoppy.se\/en\/product\/hampainlagg\/\">hampainl\u00e4gg<\/a>, f\u00f6r att ge extra skydd. F\u00f6r \u00e4nnu mer absorption, vik inl\u00e4gget tre g\u00e5nger. Du kan ocks\u00e5 anpassa inl\u00e4ggets placering f\u00f6r att f\u00e5 extra skydd d\u00e4r det beh\u00f6vs mest. Till exempel, om du har en pojke som ofta kissar l\u00e4ngst fram i bl\u00f6jan, vik inl\u00e4gget tjockare d\u00e4r f\u00f6r att optimera absorptionen.<\/p>\n<p>Inl\u00e4gget best\u00e5r enbart av naturmaterial och m\u00e4ter 63 x 12 cm (ov\u00e4ttat). Det best\u00e5r av tre lager bomulls- och bambublandning, omslutet av mjuk bomull. D\u00e4rf\u00f6r g\u00e5r det att anv\u00e4nda direkt mot barnets k\u00e4nsliga hud utan att orsaka obehag. Eftersom inl\u00e4gget \u00e4r s\u00e5 mjukt och skonsamt, ger det barnet den b\u00e4sta m\u00f6jliga komforten, samtidigt som det beh\u00e5ller sin funktion \u00f6ver tid. Det passar perfekt i <a href=\"https:\/\/hemsidantestas.greenpoppy.se\/en\/product\/pul-skal-one-size\/\">Green Poppys PUL-skal,<\/a> vilket g\u00f6r det enkelt att f\u00e5 en bra passform och funktionalitet i bl\u00f6jan.<\/p>\n<h2>Tv\u00e4ttrutiner f\u00f6r inl\u00e4gg bambu\/bomull<\/h2>\n<p>Inl\u00e4gget \u00e4r b\u00e5de praktiskt och h\u00e5llbart. Det ger f\u00f6r\u00e4ldrar m\u00f6jlighet att hantera bl\u00f6jbyten p\u00e5 ett effektivt s\u00e4tt utan att anv\u00e4nda syntetiska material. F\u00f6r att inl\u00e4gget ska n\u00e5 sin maximala absorption, b\u00f6r du tv\u00e4tta det 3\u20135 g\u00e5nger innan f\u00f6rsta anv\u00e4ndning. Vid f\u00f6rsta tv\u00e4tten krymper det cirka 10%. Tv\u00e4tta inl\u00e4gget p\u00e5 60 grader och l\u00e5t det helst h\u00e4ngtorka f\u00f6r att bevara b\u00e5de form och funktion. Om du torktumlar det kan kanterna bli lite kn\u00f6liga. F\u00f6r att \u00e5terst\u00e4lla formen kan du str\u00e4cka ut inl\u00e4gget \u00f6ver en bordskant i torrt tillst\u00e5nd \u2013 d\u00e5 blir det b\u00e5de rakt och mjukt igen.<\/p>\n<p>Det \u00e4r viktigt att f\u00f6lja tv\u00e4ttrutinerna f\u00f6r att s\u00e4kerst\u00e4lla l\u00e5ngvarig anv\u00e4ndning och optimal prestanda. F\u00f6r b\u00e4sta resultat, undvik att anv\u00e4nda sk\u00f6ljmedel, d\u00e5 detta kan f\u00f6rs\u00e4mra inl\u00e4ggets absorption. Genom att f\u00f6lja dessa enkla tv\u00e4ttrutiner s\u00e4kerst\u00e4ller du att inl\u00e4gget bibeh\u00e5ller sin mjukhet och funktion. Det fungerar ocks\u00e5 bra f\u00f6r barn med k\u00e4nslig hud, eftersom det \u00e4r tillverkat av naturliga material som \u00e4r b\u00e5de skonsamma och funktionella. Eftersom inl\u00e4gget \u00e4r s\u00e5 enkelt att anv\u00e4nda och sk\u00f6ta, g\u00f6r det bl\u00f6jbyten till en smidigare process f\u00f6r b\u00e5de f\u00f6r\u00e4ldrar och barn.<\/p>\n<p>F\u00f6r fler anv\u00e4ndbara tips om hur du tv\u00e4ttar och sk\u00f6ter om dina produkter, <a href=\"https:\/\/hemsidantestas.greenpoppy.se\/en\/tvattrutiner\/\">l\u00e4s g\u00e4rna mer h\u00e4r<\/a>!<\/p>\n<p>Green Poppy \u00e4r stolt samarbetspartner med <a href=\"https:\/\/blojupproret.se\">Bl\u00f6jupproret<\/a>.<\/p>","protected":false},"excerpt":{"rendered":"<p>Ett l\u00e5ngt vikbart inl\u00e4gg med 3 lager blandat bambu\/bomull. M\u00e4ter 63&#215;12 cm. Bara naturmaterial.<\/p>","protected":false},"featured_media":3424,"comment_status":"open","ping_status":"closed","template":"","meta":[],"product_brand":[],"product_cat":[103],"product_tag":[],"class_list":{"0":"post-817","1":"product","2":"type-product","3":"status-publish","4":"has-post-thumbnail","6":"product_cat-inlagg-och-tvattlappar","8":"first","9":"instock","10":"taxable","11":"shipping-taxable","12":"purchasable","13":"product-type-simple"},"yoast_head":"<!-- This site is optimized with the Yoast SEO plugin v24.7 - https:\/\/yoast.com\/wordpress\/plugins\/seo\/ -->\n<title>L\u00e5ngt inl\u00e4gg bambu\/bomull - Hemsidantestas<\/title>\n<meta name=\"description\" content=\"Absorberande, m\u00e5ngsidigt inl\u00e4gg bambu\/bomull f\u00f6r bebisar i alla \u00e5ldrar. Perfekt f\u00f6r dag- och nattanv\u00e4ndning n\u00e4r du anv\u00e4nder moderna tygbl\u00f6jor.\" \/>\n<meta name=\"robots\" content=\"noindex, follow, max-snippet:-1, max-image-preview:large, max-video-preview:-1\" \/>\n<meta property=\"og:locale\" content=\"en_GB\" \/>\n<meta property=\"og:type\" content=\"article\" \/>\n<meta property=\"og:title\" content=\"L\u00e5ngt inl\u00e4gg bambu\/bomull - Hemsidantestas\" \/>\n<meta property=\"og:description\" content=\"Absorberande, m\u00e5ngsidigt inl\u00e4gg bambu\/bomull f\u00f6r bebisar i alla \u00e5ldrar. Perfekt f\u00f6r dag- och nattanv\u00e4ndning n\u00e4r du anv\u00e4nder moderna tygbl\u00f6jor.\" \/>\n<meta property=\"og:url\" content=\"https:\/\/hemsidantestas.greenpoppy.se\/en\/product\/langt-inlagg-bambu-bomull\/\" \/>\n<meta property=\"og:site_name\" content=\"Hemsidantestas\" \/>\n<meta property=\"article:publisher\" content=\"https:\/\/www.facebook.com\/profile.php?id=61554367862205\" \/>\n<meta property=\"article:modified_time\" content=\"2025-03-21T20:44:25+00:00\" \/>\n<meta property=\"og:image\" content=\"https:\/\/hemsidantestas.greenpoppy.se\/wp-content\/uploads\/2024\/07\/10.png\" \/>\n\t<meta property=\"og:image:width\" content=\"1000\" \/>\n\t<meta property=\"og:image:height\" content=\"1000\" \/>\n\t<meta property=\"og:image:type\" content=\"image\/png\" \/>\n<meta name=\"twitter:card\" content=\"summary_large_image\" \/>\n<meta name=\"twitter:label1\" content=\"Estimated reading time\" \/>\n\t<meta name=\"twitter:data1\" content=\"3 minutes\" \/>\n<script type=\"application\/ld+json\" class=\"yoast-schema-graph\">{\"@context\":\"https:\/\/schema.org\",\"@graph\":[{\"@type\":\"WebPage\",\"@id\":\"https:\/\/hemsidantestas.greenpoppy.se\/produkt\/langt-inlagg-bambu-bomull\/\",\"url\":\"https:\/\/hemsidantestas.greenpoppy.se\/produkt\/langt-inlagg-bambu-bomull\/\",\"name\":\"L\u00e5ngt inl\u00e4gg bambu\/bomull - Hemsidantestas\",\"isPartOf\":{\"@id\":\"https:\/\/hemsidantestas.greenpoppy.se\/en\/#website\"},\"primaryImageOfPage\":{\"@id\":\"https:\/\/hemsidantestas.greenpoppy.se\/produkt\/langt-inlagg-bambu-bomull\/#primaryimage\"},\"image\":{\"@id\":\"https:\/\/hemsidantestas.greenpoppy.se\/produkt\/langt-inlagg-bambu-bomull\/#primaryimage\"},\"thumbnailUrl\":\"https:\/\/hemsidantestas.greenpoppy.se\/wp-content\/uploads\/2024\/07\/10.png\",\"datePublished\":\"2024-01-10T19:56:15+00:00\",\"dateModified\":\"2025-03-21T20:44:25+00:00\",\"description\":\"Absorberande, m\u00e5ngsidigt inl\u00e4gg bambu\/bomull f\u00f6r bebisar i alla \u00e5ldrar. Perfekt f\u00f6r dag- och nattanv\u00e4ndning n\u00e4r du anv\u00e4nder moderna tygbl\u00f6jor.\",\"breadcrumb\":{\"@id\":\"https:\/\/hemsidantestas.greenpoppy.se\/produkt\/langt-inlagg-bambu-bomull\/#breadcrumb\"},\"inLanguage\":\"en-GB\",\"potentialAction\":[{\"@type\":\"ReadAction\",\"target\":[\"https:\/\/hemsidantestas.greenpoppy.se\/produkt\/langt-inlagg-bambu-bomull\/\"]}]},{\"@type\":\"ImageObject\",\"inLanguage\":\"en-GB\",\"@id\":\"https:\/\/hemsidantestas.greenpoppy.se\/produkt\/langt-inlagg-bambu-bomull\/#primaryimage\",\"url\":\"https:\/\/hemsidantestas.greenpoppy.se\/wp-content\/uploads\/2024\/07\/10.png\",\"contentUrl\":\"https:\/\/hemsidantestas.greenpoppy.se\/wp-content\/uploads\/2024\/07\/10.png\",\"width\":1000,\"height\":1000,\"caption\":\"snakeinl\u00e4gg snake insert tygbl\u00f6jor bomull bambu 3 lager\"},{\"@type\":\"BreadcrumbList\",\"@id\":\"https:\/\/hemsidantestas.greenpoppy.se\/produkt\/langt-inlagg-bambu-bomull\/#breadcrumb\",\"itemListElement\":[{\"@type\":\"ListItem\",\"position\":1,\"name\":\"Hem\",\"item\":\"https:\/\/hemsidantestas.greenpoppy.se\/\"},{\"@type\":\"ListItem\",\"position\":2,\"name\":\"Butik 2\",\"item\":\"https:\/\/hemsidantestas.greenpoppy.se\/butik\/\"},{\"@type\":\"ListItem\",\"position\":3,\"name\":\"L\u00e5ngt inl\u00e4gg bambu\/bomull\"}]},{\"@type\":\"WebSite\",\"@id\":\"https:\/\/hemsidantestas.greenpoppy.se\/en\/#website\",\"url\":\"https:\/\/hemsidantestas.greenpoppy.se\/en\/\",\"name\":\"Green Poppy\",\"description\":\"H\u00e5llbara och \u00e5teranv\u00e4ndbara tygbl\u00f6jor\",\"publisher\":{\"@id\":\"https:\/\/hemsidantestas.greenpoppy.se\/en\/#organization\"},\"potentialAction\":[{\"@type\":\"SearchAction\",\"target\":{\"@type\":\"EntryPoint\",\"urlTemplate\":\"https:\/\/hemsidantestas.greenpoppy.se\/en\/?s={search_term_string}\"},\"query-input\":{\"@type\":\"PropertyValueSpecification\",\"valueRequired\":true,\"valueName\":\"search_term_string\"}}],\"inLanguage\":\"en-GB\"},{\"@type\":\"Organization\",\"@id\":\"https:\/\/hemsidantestas.greenpoppy.se\/en\/#organization\",\"name\":\"Green Poppy\",\"url\":\"https:\/\/hemsidantestas.greenpoppy.se\/en\/\",\"logo\":{\"@type\":\"ImageObject\",\"inLanguage\":\"en-GB\",\"@id\":\"https:\/\/hemsidantestas.greenpoppy.se\/en\/#\/schema\/logo\/image\/\",\"url\":\"https:\/\/hemsidantestas.greenpoppy.se\/wp-content\/uploads\/2024\/01\/Logga_Officiell.svg\",\"contentUrl\":\"https:\/\/hemsidantestas.greenpoppy.se\/wp-content\/uploads\/2024\/01\/Logga_Officiell.svg\",\"width\":1,\"height\":1,\"caption\":\"Green Poppy\"},\"image\":{\"@id\":\"https:\/\/hemsidantestas.greenpoppy.se\/en\/#\/schema\/logo\/image\/\"},\"sameAs\":[\"https:\/\/www.facebook.com\/profile.php?id=61554367862205\",\"https:\/\/www.instagram.com\/greenpoppy.se\/\"]}]}<\/script>\n<!-- \/ Yoast SEO plugin. -->","yoast_head_json":{"title":"L\u00e5ngt inl\u00e4gg bambu\/bomull - Hemsidantestas","description":"Absorberande, m\u00e5ngsidigt inl\u00e4gg bambu\/bomull f\u00f6r bebisar i alla \u00e5ldrar. Perfekt f\u00f6r dag- och nattanv\u00e4ndning n\u00e4r du anv\u00e4nder moderna tygbl\u00f6jor.","robots":{"index":"noindex","follow":"follow","max-snippet":"max-snippet:-1","max-image-preview":"max-image-preview:large","max-video-preview":"max-video-preview:-1"},"og_locale":"en_GB","og_type":"article","og_title":"L\u00e5ngt inl\u00e4gg bambu\/bomull - Hemsidantestas","og_description":"Absorberande, m\u00e5ngsidigt inl\u00e4gg bambu\/bomull f\u00f6r bebisar i alla \u00e5ldrar. Perfekt f\u00f6r dag- och nattanv\u00e4ndning n\u00e4r du anv\u00e4nder moderna tygbl\u00f6jor.","og_url":"https:\/\/hemsidantestas.greenpoppy.se\/en\/product\/langt-inlagg-bambu-bomull\/","og_site_name":"Hemsidantestas","article_publisher":"https:\/\/www.facebook.com\/profile.php?id=61554367862205","article_modified_time":"2025-03-21T20:44:25+00:00","og_image":[{"width":1000,"height":1000,"url":"https:\/\/hemsidantestas.greenpoppy.se\/wp-content\/uploads\/2024\/07\/10.png","type":"image\/png"}],"twitter_card":"summary_large_image","twitter_misc":{"Estimated reading time":"3 minutes"},"schema":{"@context":"https:\/\/schema.org","@graph":[{"@type":"WebPage","@id":"https:\/\/hemsidantestas.greenpoppy.se\/produkt\/langt-inlagg-bambu-bomull\/","url":"https:\/\/hemsidantestas.greenpoppy.se\/produkt\/langt-inlagg-bambu-bomull\/","name":"L\u00e5ngt inl\u00e4gg bambu\/bomull - Hemsidantestas","isPartOf":{"@id":"https:\/\/hemsidantestas.greenpoppy.se\/en\/#website"},"primaryImageOfPage":{"@id":"https:\/\/hemsidantestas.greenpoppy.se\/produkt\/langt-inlagg-bambu-bomull\/#primaryimage"},"image":{"@id":"https:\/\/hemsidantestas.greenpoppy.se\/produkt\/langt-inlagg-bambu-bomull\/#primaryimage"},"thumbnailUrl":"https:\/\/hemsidantestas.greenpoppy.se\/wp-content\/uploads\/2024\/07\/10.png","datePublished":"2024-01-10T19:56:15+00:00","dateModified":"2025-03-21T20:44:25+00:00","description":"Absorberande, m\u00e5ngsidigt inl\u00e4gg bambu\/bomull f\u00f6r bebisar i alla \u00e5ldrar. Perfekt f\u00f6r dag- och nattanv\u00e4ndning n\u00e4r du anv\u00e4nder moderna tygbl\u00f6jor.","breadcrumb":{"@id":"https:\/\/hemsidantestas.greenpoppy.se\/produkt\/langt-inlagg-bambu-bomull\/#breadcrumb"},"inLanguage":"en-GB","potentialAction":[{"@type":"ReadAction","target":["https:\/\/hemsidantestas.greenpoppy.se\/produkt\/langt-inlagg-bambu-bomull\/"]}]},{"@type":"ImageObject","inLanguage":"en-GB","@id":"https:\/\/hemsidantestas.greenpoppy.se\/produkt\/langt-inlagg-bambu-bomull\/#primaryimage","url":"https:\/\/hemsidantestas.greenpoppy.se\/wp-content\/uploads\/2024\/07\/10.png","contentUrl":"https:\/\/hemsidantestas.greenpoppy.se\/wp-content\/uploads\/2024\/07\/10.png","width":1000,"height":1000,"caption":"snakeinl\u00e4gg snake insert tygbl\u00f6jor bomull bambu 3 lager"},{"@type":"BreadcrumbList","@id":"https:\/\/hemsidantestas.greenpoppy.se\/produkt\/langt-inlagg-bambu-bomull\/#breadcrumb","itemListElement":[{"@type":"ListItem","position":1,"name":"Hem","item":"https:\/\/hemsidantestas.greenpoppy.se\/"},{"@type":"ListItem","position":2,"name":"Butik 2","item":"https:\/\/hemsidantestas.greenpoppy.se\/butik\/"},{"@type":"ListItem","position":3,"name":"L\u00e5ngt inl\u00e4gg bambu\/bomull"}]},{"@type":"WebSite","@id":"https:\/\/hemsidantestas.greenpoppy.se\/en\/#website","url":"https:\/\/hemsidantestas.greenpoppy.se\/en\/","name":"Green Poppy","description":"H\u00e5llbara och \u00e5teranv\u00e4ndbara tygbl\u00f6jor","publisher":{"@id":"https:\/\/hemsidantestas.greenpoppy.se\/en\/#organization"},"potentialAction":[{"@type":"SearchAction","target":{"@type":"EntryPoint","urlTemplate":"https:\/\/hemsidantestas.greenpoppy.se\/en\/?s={search_term_string}"},"query-input":{"@type":"PropertyValueSpecification","valueRequired":true,"valueName":"search_term_string"}}],"inLanguage":"en-GB"},{"@type":"Organization","@id":"https:\/\/hemsidantestas.greenpoppy.se\/en\/#organization","name":"Green Poppy","url":"https:\/\/hemsidantestas.greenpoppy.se\/en\/","logo":{"@type":"ImageObject","inLanguage":"en-GB","@id":"https:\/\/hemsidantestas.greenpoppy.se\/en\/#\/schema\/logo\/image\/","url":"https:\/\/hemsidantestas.greenpoppy.se\/wp-content\/uploads\/2024\/01\/Logga_Officiell.svg","contentUrl":"https:\/\/hemsidantestas.greenpoppy.se\/wp-content\/uploads\/2024\/01\/Logga_Officiell.svg","width":1,"height":1,"caption":"Green Poppy"},"image":{"@id":"https:\/\/hemsidantestas.greenpoppy.se\/en\/#\/schema\/logo\/image\/"},"sameAs":["https:\/\/www.facebook.com\/profile.php?id=61554367862205","https:\/\/www.instagram.com\/greenpoppy.se\/"]}]}},"_links":{"self":[{"href":"https:\/\/hemsidantestas.greenpoppy.se\/en\/wp-json\/wp\/v2\/product\/817","targetHints":{"allow":["GET"]}}],"collection":[{"href":"https:\/\/hemsidantestas.greenpoppy.se\/en\/wp-json\/wp\/v2\/product"}],"about":[{"href":"https:\/\/hemsidantestas.greenpoppy.se\/en\/wp-json\/wp\/v2\/types\/product"}],"replies":[{"embeddable":true,"href":"https:\/\/hemsidantestas.greenpoppy.se\/en\/wp-json\/wp\/v2\/comments?post=817"}],"wp:featuredmedia":[{"embeddable":true,"href":"https:\/\/hemsidantestas.greenpoppy.se\/en\/wp-json\/wp\/v2\/media\/3424"}],"wp:attachment":[{"href":"https:\/\/hemsidantestas.greenpoppy.se\/en\/wp-json\/wp\/v2\/media?parent=817"}],"wp:term":[{"taxonomy":"product_brand","embeddable":true,"href":"https:\/\/hemsidantestas.greenpoppy.se\/en\/wp-json\/wp\/v2\/product_brand?post=817"},{"taxonomy":"product_cat","embeddable":true,"href":"https:\/\/hemsidantestas.greenpoppy.se\/en\/wp-json\/wp\/v2\/product_cat?post=817"},{"taxonomy":"product_tag","embeddable":true,"href":"https:\/\/hemsidantestas.greenpoppy.se\/en\/wp-json\/wp\/v2\/product_tag?post=817"}],"curies":[{"name":"wp","href":"https:\/\/api.w.org\/{rel}","templated":true}]}}